{"id":115,"date":"2022-08-02T17:53:18","date_gmt":"2022-08-02T17:53:18","guid":{"rendered":"https:\/\/romidal.com\/?page_id=115"},"modified":"2024-07-17T19:59:34","modified_gmt":"2024-07-17T19:59:34","slug":"romi-muhlen","status":"publish","type":"page","link":"https:\/\/romidal.com\/de\/romi-muhlen\/","title":{"rendered":"Romi M\u00fchlen"},"content":{"rendered":"<div data-elementor-type=\"wp-page\" data-elementor-id=\"115\" class=\"elementor elementor-115\">\n\t\t\t\t\t\t<section class=\"elementor-section elementor-top-section elementor-element elementor-element-8a10b45 elementor-section-content-middle elementor-section-boxed elementor-section-height-default elementor-section-height-default wpr-particle-no wpr-jarallax-no wpr-parallax-no wpr-sticky-section-no wpr-equal-height-no\" data-id=\"8a10b45\" data-element_type=\"section\" data-e-type=\"section\" data-settings=\"{&quot;background_background&quot;:&quot;classic&quot;}\">\n\t\t\t\t\t\t<div class=\"elementor-container elementor-column-gap-default\">\n\t\t\t\t\t<div class=\"aux-parallax-section elementor-column elementor-col-50 elementor-top-column elementor-element elementor-element-cb32613\" data-id=\"cb32613\" data-element_type=\"column\" data-e-type=\"column\">\n\t\t\t<div class=\"elementor-widget-wrap elementor-element-populated\">\n\t\t\t\t\t\t<div class=\"elementor-element elementor-element-037e46a aux-appear-watch-animation aux-fade-in-up elementor-widget elementor-widget-heading\" data-id=\"037e46a\" data-element_type=\"widget\" data-e-type=\"widget\" data-widget_type=\"heading.default\">\n\t\t\t\t<div class=\"elementor-widget-container\">\n\t\t\t\t\t<h2 class=\"elementor-heading-title elementor-size-default\">Romi M\u00fchlen<\/h2>\t\t\t\t<\/div>\n\t\t\t\t<\/div>\n\t\t\t\t<div class=\"elementor-element elementor-element-a788d27 aux-appear-watch-animation aux-fade-in-left elementor-widget elementor-widget-text-editor\" data-id=\"a788d27\" data-element_type=\"widget\" data-e-type=\"widget\" data-widget_type=\"text-editor.default\">\n\t\t\t\t<div class=\"elementor-widget-container\">\n\t\t\t\t\t\t\t\t\t<p>Ich wohne in Argentinien und habe mehr als 20 Jahre Berufserfahrung in der Sprachvermittlung f\u00fcr zwei- bis f\u00fcnfj\u00e4hrige Kinder.<\/p><p>Ich begann meinen Werdegang als Erzieherin im Kindergarten Mecky\u00b4s.<\/p><p>Ich war dann im Vorschulbereich der Goethe Schule t\u00e4tig, und zwar w\u00e4hrend zehn Jahren, in denen ich meine Leidenschaft f\u00fcr die Vermittlung der deutschen Sprache best\u00e4tigen konnte. In dieser Zeit habe ich mich in mehreren L\u00e4ndern in Methodik und Didaktik f\u00fcr DaF weitergebildet.<\/p><p>Dann kam eine Zeit, in der ein starker Wille in mir auftauchte, um meinen Beruf hinsichtlich der Begleitung der Lehrenden und nicht nur bez\u00fcglich der Kinder zu bereichern. Folglich habe ich Lehrkr\u00e4fte an verschiedenen Schulen mittels bilingualen erzieherischen Projekten auf Deutsch und auf Spanisch beraten und fortgebildet, um die Sprachvermittlung zu leiten und auszubauen.<\/p><p>An der Pestalozzi Schule habe ich die Stelle als p\u00e4dagogische Koordinatorin \u00fcbernommen, und dadurch habe ich mir viele pers\u00f6nliche und berufliche Erfahrungen angeeignet. Ich konnte dort sowohl das Schulleiter*innen \u2013 als auch das Lehrer*innen \u2013 Team unterst\u00fctzen und best\u00e4rken, die Familien der Sch\u00fcler*innen begleiten und somit die beste Erinnerung meiner beruflichen Laufbahn im Rahmen einer Institution bewahren.<\/p><p>Die Pandemie hat mich dazu geleitet, dar\u00fcber zu reflektieren, wie ich mein Leben bis zu diesem Moment gef\u00fchrt habe und da bin ich zu folgendem Schluss gekommen: zum ersten Mal wollte ich mir die Gelegenheit geben, meinem Traum zu folgen. Auf diese Weise entstand DAL.<\/p>\t\t\t\t\t\t\t\t<\/div>\n\t\t\t\t<\/div>\n\t\t\t\t\t<\/div>\n\t\t<\/div>\n\t\t\t\t<div class=\"aux-parallax-section elementor-column elementor-col-50 elementor-top-column elementor-element elementor-element-7f5c687\" data-id=\"7f5c687\" data-element_type=\"column\" data-e-type=\"column\">\n\t\t\t<div class=\"elementor-widget-wrap elementor-element-populated\">\n\t\t\t\t\t\t<div class=\"elementor-element elementor-element-052c6cd elementor-widget elementor-widget-image\" data-id=\"052c6cd\" data-element_type=\"widget\" data-e-type=\"widget\" data-widget_type=\"image.default\">\n\t\t\t\t<div class=\"elementor-widget-container\">\n\t\t\t\t\t\t\t\t\t\t\t\t\t\t\t<img fetchpriority=\"high\" decoding=\"async\" width=\"1024\" height=\"1024\" src=\"https:\/\/i0.wp.com\/romidal.com\/wp-content\/uploads\/2023\/04\/quienSoy_romi.png?fit=1024%2C1024&amp;ssl=1\" class=\"attachment-large size-large wp-image-660\" alt=\"\" srcset=\"https:\/\/i0.wp.com\/romidal.com\/wp-content\/uploads\/2023\/04\/quienSoy_romi.png?w=1080&amp;ssl=1 1080w, https:\/\/i0.wp.com\/romidal.com\/wp-content\/uploads\/2023\/04\/quienSoy_romi.png?resize=300%2C300&amp;ssl=1 300w, https:\/\/i0.wp.com\/romidal.com\/wp-content\/uploads\/2023\/04\/quienSoy_romi.png?resize=1024%2C1024&amp;ssl=1 1024w, https:\/\/i0.wp.com\/romidal.com\/wp-content\/uploads\/2023\/04\/quienSoy_romi.png?resize=150%2C150&amp;ssl=1 150w, https:\/\/i0.wp.com\/romidal.com\/wp-content\/uploads\/2023\/04\/quienSoy_romi.png?resize=768%2C768&amp;ssl=1 768w, https:\/\/i0.wp.com\/romidal.com\/wp-content\/uploads\/2023\/04\/quienSoy_romi.png?resize=12%2C12&amp;ssl=1 12w, https:\/\/i0.wp.com\/romidal.com\/wp-content\/uploads\/2023\/04\/quienSoy_romi.png?resize=600%2C600&amp;ssl=1 600w, https:\/\/i0.wp.com\/romidal.com\/wp-content\/uploads\/2023\/04\/quienSoy_romi.png?resize=100%2C100&amp;ssl=1 100w\" sizes=\"(max-width: 1024px) 100vw, 1024px\" \/>\t\t\t\t\t\t\t\t\t\t\t\t\t\t\t<\/div>\n\t\t\t\t<\/div>\n\t\t\t\t\t<\/div>\n\t\t<\/div>\n\t\t\t\t\t<\/div>\n\t\t<\/section>\n\t\t\t\t<\/div>","protected":false},"excerpt":{"rendered":"<p>Romi M\u00fchlen Vivo en Argentina y tengo m\u00e1s de 20 a\u00f1os de experiencia docente con ni\u00f1as y ni\u00f1os de 2 a 5 a\u00f1os de edad. Comenc\u00e9 mi recorrido como maestra en el Jard\u00edn de Infantes Mecky\u2019s. Continu\u00e9 en el Nivel Inicial del Colegio Goethe, durante 10 a\u00f1os, redescubriendo mi pasi\u00f3n por la ense\u00f1anza del idioma alem\u00e1n. Al mismo tiempo me fui formando, en distintos pa\u00edses, en Metodolog\u00edas y Did\u00e1cticas para la ense\u00f1anza del alem\u00e1n como lengua extranjera. Lleg\u00f3 un momento en que sent\u00ed que quer\u00eda complementar mi profesi\u00f3n desde el acompa\u00f1amiento a los equipos docentes y no \u00fanicamente a las infancias. Entonces, asesor\u00e9 y capacit\u00e9 en diferentes colegios con proyectos educativos biling\u00fces (alem\u00e1n &#8211; espa\u00f1ol) para enriquecer y guiar la ense\u00f1anza del idioma. M\u00e1s tarde tom\u00e9 el cargo de coordinadora pedag\u00f3gica biling\u00fce en el Colegio Pestalozzi, en donde recog\u00ed muchos aprendizajes personales y profesionales. All\u00ed pude potenciar y enriquecer al equipo directivo y docente, acompa\u00f1ar a familias y llevarme el mejor de los recuerdos en mi carrera profesional dentro de una Instituci\u00f3n. La pandemia me hizo reflexionar sobre c\u00f3mo estaba llevando hasta entonces mi vida y como resultado de esto, logr\u00e9 permitirme por primera vez avanzar con un sue\u00f1o: As\u00ed naci\u00f3 DAL.<\/p>","protected":false},"author":1,"featured_media":0,"parent":0,"menu_order":0,"comment_status":"closed","ping_status":"closed","template":"elementor_header_footer","meta":{"footnotes":""},"class_list":["post-115","page","type-page","status-publish","hentry"],"jetpack_sharing_enabled":true,"_links":{"self":[{"href":"https:\/\/romidal.com\/de\/wp-json\/wp\/v2\/pages\/115","targetHints":{"allow":["GET"]}}],"collection":[{"href":"https:\/\/romidal.com\/de\/wp-json\/wp\/v2\/pages"}],"about":[{"href":"https:\/\/romidal.com\/de\/wp-json\/wp\/v2\/types\/page"}],"author":[{"embeddable":true,"href":"https:\/\/romidal.com\/de\/wp-json\/wp\/v2\/users\/1"}],"replies":[{"embeddable":true,"href":"https:\/\/romidal.com\/de\/wp-json\/wp\/v2\/comments?post=115"}],"version-history":[{"count":22,"href":"https:\/\/romidal.com\/de\/wp-json\/wp\/v2\/pages\/115\/revisions"}],"predecessor-version":[{"id":1271,"href":"https:\/\/romidal.com\/de\/wp-json\/wp\/v2\/pages\/115\/revisions\/1271"}],"wp:attachment":[{"href":"https:\/\/romidal.com\/de\/wp-json\/wp\/v2\/media?parent=115"}],"curies":[{"name":"wp","href":"https:\/\/api.w.org\/{rel}","templated":true}]}}