{"id":128,"date":"2022-08-08T00:26:42","date_gmt":"2022-08-08T00:26:42","guid":{"rendered":"https:\/\/romidal.com\/?page_id=128"},"modified":"2024-06-03T22:09:35","modified_gmt":"2024-06-03T22:09:35","slug":"asesoramientos","status":"publish","type":"page","link":"https:\/\/romidal.com\/de\/asesoramientos\/","title":{"rendered":"Beratungen"},"content":{"rendered":"<div data-elementor-type=\"wp-page\" data-elementor-id=\"128\" class=\"elementor elementor-128\">\n\t\t\t\t\t\t<section class=\"elementor-section elementor-top-section elementor-element elementor-element-0877ddd elementor-section-boxed elementor-section-height-default elementor-section-height-default wpr-particle-no wpr-jarallax-no wpr-parallax-no wpr-sticky-section-no wpr-equal-height-no\" data-id=\"0877ddd\" data-element_type=\"section\" data-e-type=\"section\">\n\t\t\t\t\t\t<div class=\"elementor-container elementor-column-gap-default\">\n\t\t\t\t\t<div class=\"aux-parallax-section elementor-column elementor-col-100 elementor-top-column elementor-element elementor-element-f618011\" data-id=\"f618011\" data-element_type=\"column\" data-e-type=\"column\">\n\t\t\t<div class=\"elementor-widget-wrap elementor-element-populated\">\n\t\t\t\t\t\t<div class=\"elementor-element elementor-element-9bccb6c elementor-widget elementor-widget-heading\" data-id=\"9bccb6c\" data-element_type=\"widget\" data-e-type=\"widget\" data-widget_type=\"heading.default\">\n\t\t\t\t<div class=\"elementor-widget-container\">\n\t\t\t\t\t<h2 class=\"elementor-heading-title elementor-size-default\">Beratungen<\/h2>\t\t\t\t<\/div>\n\t\t\t\t<\/div>\n\t\t\t\t\t<\/div>\n\t\t<\/div>\n\t\t\t\t\t<\/div>\n\t\t<\/section>\n\t\t\t\t<section class=\"elementor-section elementor-top-section elementor-element elementor-element-f63f237 elementor-section-boxed elementor-section-height-default elementor-section-height-default wpr-particle-no wpr-jarallax-no wpr-parallax-no wpr-sticky-section-no wpr-equal-height-no\" data-id=\"f63f237\" data-element_type=\"section\" data-e-type=\"section\">\n\t\t\t\t\t\t<div class=\"elementor-container elementor-column-gap-default\">\n\t\t\t\t\t<div class=\"aux-parallax-section elementor-column elementor-col-100 elementor-top-column elementor-element elementor-element-58a278d\" data-id=\"58a278d\" data-element_type=\"column\" data-e-type=\"column\" data-settings=\"{&quot;background_background&quot;:&quot;classic&quot;}\">\n\t\t\t<div class=\"elementor-widget-wrap elementor-element-populated\">\n\t\t\t\t\t\t<div class=\"elementor-element elementor-element-e5aaecd elementor-widget elementor-widget-heading\" data-id=\"e5aaecd\" data-element_type=\"widget\" data-e-type=\"widget\" data-widget_type=\"heading.default\">\n\t\t\t\t<div class=\"elementor-widget-container\">\n\t\t\t\t\t<h3 class=\"elementor-heading-title elementor-size-default\">Begleitung f\u00fcr die Familien der Schulkinder<\/h3>\t\t\t\t<\/div>\n\t\t\t\t<\/div>\n\t\t\t\t<div class=\"elementor-element elementor-element-edc8b6b elementor-widget elementor-widget-text-editor\" data-id=\"edc8b6b\" data-element_type=\"widget\" data-e-type=\"widget\" data-widget_type=\"text-editor.default\">\n\t\t\t\t<div class=\"elementor-widget-container\">\n\t\t\t\t\t\t\t\t\t<p><span style=\"font-weight: 400;\">Muchas veces como padres y madres elegimos un proyecto educativo biling\u00fce a pesar de no tener conocimiento del idioma.\u00a0 En el transcurso de la escolaridad pueden aparecer situaciones en las que se encuentren sin saber c\u00f3mo acompa\u00f1ar. Les ayudo a buscar una forma profesional y armoniosa para transitar este proceso en familia.<\/span><\/p><p><span style=\"font-weight: 400;\">Manchmal m\u00f6chte Mutter oder Vater die Sprache im Elternhaus lehren. In diesem Fall begleite ich Interessenten dabei.<\/span><\/p>\t\t\t\t\t\t\t\t<\/div>\n\t\t\t\t<\/div>\n\t\t\t\t\t<\/div>\n\t\t<\/div>\n\t\t\t\t\t<\/div>\n\t\t<\/section>\n\t\t\t\t<section class=\"elementor-section elementor-top-section elementor-element elementor-element-64d722e elementor-section-boxed elementor-section-height-default elementor-section-height-default wpr-particle-no wpr-jarallax-no wpr-parallax-no wpr-sticky-section-no wpr-equal-height-no\" data-id=\"64d722e\" data-element_type=\"section\" data-e-type=\"section\">\n\t\t\t\t\t\t<div class=\"elementor-container elementor-column-gap-default\">\n\t\t\t\t\t<div class=\"aux-parallax-section elementor-column elementor-col-100 elementor-top-column elementor-element elementor-element-c69430b\" data-id=\"c69430b\" data-element_type=\"column\" data-e-type=\"column\" data-settings=\"{&quot;background_background&quot;:&quot;classic&quot;}\">\n\t\t\t<div class=\"elementor-widget-wrap elementor-element-populated\">\n\t\t\t\t\t\t<div class=\"elementor-element elementor-element-26c0a70 elementor-widget elementor-widget-heading\" data-id=\"26c0a70\" data-element_type=\"widget\" data-e-type=\"widget\" data-widget_type=\"heading.default\">\n\t\t\t\t<div class=\"elementor-widget-container\">\n\t\t\t\t\t<h3 class=\"elementor-heading-title elementor-size-default\">Fortbildungen f\u00fcr Erzieher*innen<\/h3>\t\t\t\t<\/div>\n\t\t\t\t<\/div>\n\t\t\t\t<div class=\"elementor-element elementor-element-144a72d elementor-widget elementor-widget-text-editor\" data-id=\"144a72d\" data-element_type=\"widget\" data-e-type=\"widget\" data-widget_type=\"text-editor.default\">\n\t\t\t\t<div class=\"elementor-widget-container\">\n\t\t\t\t\t\t\t\t\t<p><span style=\"font-weight: 400;\">Ich leite und begleite die Erzieher*innen in ihrer Praxis.<\/span><\/p><p><span style=\"font-weight: 400;\">Ich trage dazu bei, ihre F\u00e4higkeiten als Lehrkr\u00e4fte zu verst\u00e4rken.<\/span><\/p><p><span style=\"font-weight: 400;\">Ich bilde sie fort, um ihre Rolle als Erzieher*innen zu bereichern.<\/span><\/p>\t\t\t\t\t\t\t\t<\/div>\n\t\t\t\t<\/div>\n\t\t\t\t\t<\/div>\n\t\t<\/div>\n\t\t\t\t\t<\/div>\n\t\t<\/section>\n\t\t\t\t<section class=\"elementor-section elementor-top-section elementor-element elementor-element-b4b95e8 elementor-section-boxed elementor-section-height-default elementor-section-height-default wpr-particle-no wpr-jarallax-no wpr-parallax-no wpr-sticky-section-no wpr-equal-height-no\" data-id=\"b4b95e8\" data-element_type=\"section\" data-e-type=\"section\">\n\t\t\t\t\t\t<div class=\"elementor-container elementor-column-gap-default\">\n\t\t\t\t\t<div class=\"aux-parallax-section elementor-column elementor-col-100 elementor-top-column elementor-element elementor-element-a8b2483\" data-id=\"a8b2483\" data-element_type=\"column\" data-e-type=\"column\" data-settings=\"{&quot;background_background&quot;:&quot;classic&quot;}\">\n\t\t\t<div class=\"elementor-widget-wrap elementor-element-populated\">\n\t\t\t\t\t\t<div class=\"elementor-element elementor-element-5d2e248 elementor-widget elementor-widget-heading\" data-id=\"5d2e248\" data-element_type=\"widget\" data-e-type=\"widget\" data-widget_type=\"heading.default\">\n\t\t\t\t<div class=\"elementor-widget-container\">\n\t\t\t\t\t<h3 class=\"elementor-heading-title elementor-size-default\">Besprechung \u2013 und Beratungsstelle f\u00fcr das Schulleiterteam<\/h3>\t\t\t\t<\/div>\n\t\t\t\t<\/div>\n\t\t\t\t<div class=\"elementor-element elementor-element-f8f967c elementor-widget elementor-widget-text-editor\" data-id=\"f8f967c\" data-element_type=\"widget\" data-e-type=\"widget\" data-widget_type=\"text-editor.default\">\n\t\t\t\t<div class=\"elementor-widget-container\">\n\t\t\t\t\t\t\t\t\t<p>Ich biete Beratung an, um die Arbeit der Lehrkr\u00e4fte im Einklang mit dem Sprachprojekt jeder Schulinstitution zu bereichern.<\/p><p>Ich schlage theoretische und praktische Arbeitsprojekte vor, um das Lehren zu f\u00f6rdern.<\/p>\t\t\t\t\t\t\t\t<\/div>\n\t\t\t\t<\/div>\n\t\t\t\t\t<\/div>\n\t\t<\/div>\n\t\t\t\t\t<\/div>\n\t\t<\/section>\n\t\t\t\t<\/div>","protected":false},"excerpt":{"rendered":"<p>Asesoramientos Acompa\u00f1amiento para familias Muchas veces como padres y madres elegimos un proyecto educativo biling\u00fce a pesar de no tener conocimiento del idioma.\u00a0 En el transcurso de la escolaridad pueden aparecer situaciones en las que se encuentren sin saber c\u00f3mo acompa\u00f1ar. Les ayudo a buscar una forma profesional y armoniosa para transitar este proceso en familia. Otras veces queremos ense\u00f1ar el idioma en nuestras casas. Los acompa\u00f1o tambi\u00e9n en este proceso. Capacitaciones para el equipo docente Guio y acompa\u00f1o sus pr\u00e1cticas. Colaboro para potenciar su desempe\u00f1o. Capacito para enriquecer su rol. Asesor\u00eda y consultor\u00eda para el equipo directivo Ofrezco asesoramiento para mejorar y enriquecer el trabajo docente alineados con el proyecto ling\u00fc\u00edstico de cada Instituci\u00f3n. Propongo proyectos de trabajo te\u00f3ricos y pr\u00e1cticos para agregar valor a la ense\u00f1anza.<\/p>","protected":false},"author":1,"featured_media":0,"parent":0,"menu_order":0,"comment_status":"closed","ping_status":"closed","template":"","meta":{"footnotes":""},"class_list":["post-128","page","type-page","status-publish","hentry"],"jetpack_sharing_enabled":true,"_links":{"self":[{"href":"https:\/\/romidal.com\/de\/wp-json\/wp\/v2\/pages\/128","targetHints":{"allow":["GET"]}}],"collection":[{"href":"https:\/\/romidal.com\/de\/wp-json\/wp\/v2\/pages"}],"about":[{"href":"https:\/\/romidal.com\/de\/wp-json\/wp\/v2\/types\/page"}],"author":[{"embeddable":true,"href":"https:\/\/romidal.com\/de\/wp-json\/wp\/v2\/users\/1"}],"replies":[{"embeddable":true,"href":"https:\/\/romidal.com\/de\/wp-json\/wp\/v2\/comments?post=128"}],"version-history":[{"count":19,"href":"https:\/\/romidal.com\/de\/wp-json\/wp\/v2\/pages\/128\/revisions"}],"predecessor-version":[{"id":1198,"href":"https:\/\/romidal.com\/de\/wp-json\/wp\/v2\/pages\/128\/revisions\/1198"}],"wp:attachment":[{"href":"https:\/\/romidal.com\/de\/wp-json\/wp\/v2\/media?parent=128"}],"curies":[{"name":"wp","href":"https:\/\/api.w.org\/{rel}","templated":true}]}}