{"id":1617,"date":"2024-09-23T15:17:57","date_gmt":"2024-09-23T18:17:57","guid":{"rendered":"https:\/\/romidal.com\/?page_id=1617"},"modified":"2024-09-24T17:30:16","modified_gmt":"2024-09-24T20:30:16","slug":"gracias-por-tu-compra","status":"publish","type":"page","link":"https:\/\/romidal.com\/de\/gracias-por-tu-compra\/","title":{"rendered":"Gracias por tu compra"},"content":{"rendered":"<div data-elementor-type=\"wp-page\" data-elementor-id=\"1617\" class=\"elementor elementor-1617\">\n\t\t\t\t\t\t<section class=\"elementor-section elementor-top-section elementor-element elementor-element-75ee188 elementor-section-full_width elementor-section-height-default elementor-section-height-default wpr-particle-no wpr-jarallax-no wpr-parallax-no wpr-sticky-section-no wpr-equal-height-no\" data-id=\"75ee188\" data-element_type=\"section\" data-e-type=\"section\">\n\t\t\t\t\t\t<div class=\"elementor-container elementor-column-gap-default\">\n\t\t\t\t\t<div class=\"aux-parallax-section elementor-column elementor-col-100 elementor-top-column elementor-element elementor-element-a6fef45\" data-id=\"a6fef45\" data-element_type=\"column\" data-e-type=\"column\">\n\t\t\t<div class=\"elementor-widget-wrap elementor-element-populated\">\n\t\t\t\t\t\t<div class=\"elementor-element elementor-element-ecc108a elementor-widget__width-initial elementor-widget elementor-widget-aux_logo\" data-id=\"ecc108a\" data-element_type=\"widget\" data-e-type=\"widget\" data-widget_type=\"aux_logo.default\">\n\t\t\t\t<div class=\"elementor-widget-container\">\n\t\t\t\t\t<div class=\"aux-widget-logo\"><a class=\"aux-logo-anchor aux-has-logo\" title=\"Dal\" href=\"https:\/\/romidal.com\/de\/\"><img fetchpriority=\"high\" decoding=\"async\" width=\"446\" height=\"200\" src=\"https:\/\/romidal.com\/wp-content\/uploads\/2022\/08\/dal-logo.svg\" class=\"attachment-full size-full\" alt=\"Isologotipo de DAL\" \/><\/a><a class=\"aux-logo-anchor aux-logo-sticky aux-logo-hidden aux-has-logo\" title=\"Dal\" href=\"https:\/\/romidal.com\/de\/\"><img fetchpriority=\"high\" decoding=\"async\" width=\"446\" height=\"200\" src=\"https:\/\/romidal.com\/wp-content\/uploads\/2022\/08\/dal-logo.svg\" class=\"attachment-full size-full\" alt=\"Isologotipo de DAL\" \/><\/a><section class=\"aux-logo-text\"><h3 class=\"site-title\"><a href=\"https:\/\/romidal.com\/de\/\" title=\"Dal\">Dal<\/a><\/h3><p class=\"site-description\">Ense&ntilde;&aacute; alem&aacute;n<\/p><\/section><\/div>\t\t\t\t<\/div>\n\t\t\t\t<\/div>\n\t\t\t\t<div class=\"elementor-element elementor-element-91c8c6c elementor-widget-divider--view-line elementor-widget elementor-widget-divider\" data-id=\"91c8c6c\" data-element_type=\"widget\" data-e-type=\"widget\" data-widget_type=\"divider.default\">\n\t\t\t\t<div class=\"elementor-widget-container\">\n\t\t\t\t\t\t\t<div class=\"elementor-divider\">\n\t\t\t<span class=\"elementor-divider-separator\">\n\t\t\t\t\t\t<\/span>\n\t\t<\/div>\n\t\t\t\t\t\t<\/div>\n\t\t\t\t<\/div>\n\t\t\t\t\t<\/div>\n\t\t<\/div>\n\t\t\t\t\t<\/div>\n\t\t<\/section>\n\t\t\t\t<section class=\"elementor-section elementor-top-section elementor-element elementor-element-5d4c67b elementor-section-height-min-height elementor-section-boxed elementor-section-height-default elementor-section-items-middle wpr-particle-no wpr-jarallax-no wpr-parallax-no wpr-sticky-section-no wpr-equal-height-no\" data-id=\"5d4c67b\" data-element_type=\"section\" data-e-type=\"section\">\n\t\t\t\t\t\t<div class=\"elementor-container elementor-column-gap-default\">\n\t\t\t\t\t<div class=\"aux-parallax-section elementor-column elementor-col-100 elementor-top-column elementor-element elementor-element-2f69c8b\" data-id=\"2f69c8b\" data-element_type=\"column\" data-e-type=\"column\">\n\t\t\t<div class=\"elementor-widget-wrap elementor-element-populated\">\n\t\t\t\t\t\t<div class=\"elementor-element elementor-element-8d084c8 elementor-widget elementor-widget-heading\" data-id=\"8d084c8\" data-element_type=\"widget\" data-e-type=\"widget\" data-widget_type=\"heading.default\">\n\t\t\t\t<div class=\"elementor-widget-container\">\n\t\t\t\t\t<h2 class=\"elementor-heading-title elementor-size-default\">\u00a1Gracias por tu compra!<\/h2>\t\t\t\t<\/div>\n\t\t\t\t<\/div>\n\t\t\t\t<div class=\"elementor-element elementor-element-9fb11bf elementor-widget elementor-widget-text-editor\" data-id=\"9fb11bf\" data-element_type=\"widget\" data-e-type=\"widget\" data-widget_type=\"text-editor.default\">\n\t\t\t\t<div class=\"elementor-widget-container\">\n\t\t\t\t\t\t\t\t\t<p style=\"text-align: center;\">Te llegar\u00e1 un mail con el detalle de tu pedido.<\/p>\t\t\t\t\t\t\t\t<\/div>\n\t\t\t\t<\/div>\n\t\t\t\t<div class=\"elementor-element elementor-element-fdbc1a9 elementor-align-center elementor-widget elementor-widget-button\" data-id=\"fdbc1a9\" data-element_type=\"widget\" data-e-type=\"widget\" data-widget_type=\"button.default\">\n\t\t\t\t<div class=\"elementor-widget-container\">\n\t\t\t\t\t\t\t\t\t<div class=\"elementor-button-wrapper\">\n\t\t\t\t\t<a class=\"elementor-button elementor-button-link elementor-size-sm\" href=\"https:\/\/romidal.com\/de\/\">\n\t\t\t\t\t\t<span class=\"elementor-button-content-wrapper\">\n\t\t\t\t\t\t\t\t\t<span class=\"elementor-button-text\">Volver al inicio<\/span>\n\t\t\t\t\t<\/span>\n\t\t\t\t\t<\/a>\n\t\t\t\t<\/div>\n\t\t\t\t\t\t\t\t<\/div>\n\t\t\t\t<\/div>\n\t\t\t\t\t<\/div>\n\t\t<\/div>\n\t\t\t\t\t<\/div>\n\t\t<\/section>\n\t\t\t\t<section class=\"elementor-section elementor-top-section elementor-element elementor-element-1e20b1b elementor-section-content-middle elementor-section-full_width elementor-section-height-default elementor-section-height-default wpr-particle-no wpr-jarallax-no wpr-parallax-no wpr-sticky-section-no wpr-equal-height-no\" data-id=\"1e20b1b\" data-element_type=\"section\" data-e-type=\"section\" data-settings=\"{&quot;background_background&quot;:&quot;classic&quot;}\">\n\t\t\t\t\t\t<div class=\"elementor-container elementor-column-gap-default\">\n\t\t\t\t\t<div class=\"aux-parallax-section elementor-column elementor-col-33 elementor-top-column elementor-element elementor-element-d1ce271\" data-id=\"d1ce271\" data-element_type=\"column\" data-e-type=\"column\">\n\t\t\t<div class=\"elementor-widget-wrap elementor-element-populated\">\n\t\t\t\t\t\t<div class=\"elementor-element elementor-element-8232ce9 elementor-widget__width-initial elementor-widget elementor-widget-aux_logo\" data-id=\"8232ce9\" data-element_type=\"widget\" data-e-type=\"widget\" data-widget_type=\"aux_logo.default\">\n\t\t\t\t<div class=\"elementor-widget-container\">\n\t\t\t\t\t<div class=\"aux-widget-logo\"><a class=\"aux-logo-anchor aux-has-logo\" title=\"Dal\" href=\"https:\/\/romidal.com\/de\/\"><img fetchpriority=\"high\" decoding=\"async\" width=\"446\" height=\"200\" src=\"https:\/\/romidal.com\/wp-content\/uploads\/2022\/08\/dal-logo.svg\" class=\"attachment-full size-full\" alt=\"Isologotipo de DAL\" \/><\/a><a class=\"aux-logo-anchor aux-logo-sticky aux-logo-hidden aux-has-logo\" title=\"Dal\" href=\"https:\/\/romidal.com\/de\/\"><img fetchpriority=\"high\" decoding=\"async\" width=\"446\" height=\"200\" src=\"https:\/\/romidal.com\/wp-content\/uploads\/2022\/08\/dal-logo.svg\" class=\"attachment-full size-full\" alt=\"Isologotipo de DAL\" \/><\/a><section class=\"aux-logo-text\"><h3 class=\"site-title\"><a href=\"https:\/\/romidal.com\/de\/\" title=\"Dal\">Dal<\/a><\/h3><p class=\"site-description\">Ense&ntilde;&aacute; alem&aacute;n<\/p><\/section><\/div>\t\t\t\t<\/div>\n\t\t\t\t<\/div>\n\t\t\t\t\t<\/div>\n\t\t<\/div>\n\t\t\t\t<div class=\"aux-parallax-section elementor-column elementor-col-33 elementor-top-column elementor-element elementor-element-2ee878f\" data-id=\"2ee878f\" data-element_type=\"column\" data-e-type=\"column\">\n\t\t\t<div class=\"elementor-widget-wrap elementor-element-populated\">\n\t\t\t\t\t\t<div class=\"elementor-element elementor-element-67fba99 elementor-widget elementor-widget-aux_menu_box\" data-id=\"67fba99\" data-element_type=\"widget\" data-e-type=\"widget\" data-widget_type=\"aux_menu_box.default\">\n\t\t\t\t<div class=\"elementor-widget-container\">\n\t\t\t\t\t<div class=\"aux-elementor-header-menu aux-nav-menu-element aux-nav-menu-element-67fba99\"><div class=\"aux-burger-box\" data-target-panel=\"toggle-bar\" data-target-content=\".elementor-element-67fba99 .aux-master-menu\"><div class=\"aux-burger aux-lite-small\"><span class=\"mid-line\"><\/span><\/div><\/div><!-- start master menu -->\n<nav id=\"master-menu-elementor-67fba99\" class=\"menu-legales-container\">\n\n\t<ul id=\"menu-legales\" class=\"aux-master-menu aux-no-js aux-skin-classic aux-with-indicator aux-with-splitter aux-horizontal\" data-type=\"horizontal\"  data-switch-type=\"toggle\" data-switch-parent=\".elementor-element-67fba99 .aux-toggle-menu-bar\" data-switch-width=\"768\"  >\n\t\t<!-- start single menu -->\n\t\t<li id=\"menu-item-791\" class=\"menu-item menu-item-type-post_type menu-item-object-page menu-item-791 aux-menu-depth-0 aux-menu-root-1 aux-menu-item\">\n\t\t\t<a href=\"https:\/\/romidal.com\/de\/terminos-y-condiciones\/\" class=\"aux-item-content\" onclick=\"return true\">\n\t\t\t\t<span class=\"aux-menu-label\">T\u00e9rminos y Condiciones<\/span>\n\t\t\t<\/a>\n\t\t<\/li>\n\t\t<!-- end single menu -->\n\t<\/ul>\n\n<\/nav>\n<!-- end master menu -->\n<div class=\"aux-toggle-menu-bar\"><\/div><\/div><style>@media only screen and (min-width: 769px) { .elementor-element-67fba99 .aux-burger-box { display: none } }<\/style>\t\t\t\t<\/div>\n\t\t\t\t<\/div>\n\t\t\t\t<div class=\"elementor-element elementor-element-3f744ee elementor-widget elementor-widget-text-editor\" data-id=\"3f744ee\" data-element_type=\"widget\" data-e-type=\"widget\" data-widget_type=\"text-editor.default\">\n\t\t\t\t<div class=\"elementor-widget-container\">\n\t\t\t\t\t\t\t\t\t<p>\u00a9 2022 DAL. Todos los derechos reservados.<\/p>\t\t\t\t\t\t\t\t<\/div>\n\t\t\t\t<\/div>\n\t\t\t\t\t<\/div>\n\t\t<\/div>\n\t\t\t\t<div class=\"aux-parallax-section elementor-column elementor-col-33 elementor-top-column elementor-element elementor-element-3968fcc\" data-id=\"3968fcc\" data-element_type=\"column\" data-e-type=\"column\">\n\t\t\t<div class=\"elementor-widget-wrap elementor-element-populated\">\n\t\t\t\t\t\t<div class=\"elementor-element elementor-element-e274be8 elementor-widget elementor-widget-aux_menu_box\" data-id=\"e274be8\" data-element_type=\"widget\" data-e-type=\"widget\" data-widget_type=\"aux_menu_box.default\">\n\t\t\t\t<div class=\"elementor-widget-container\">\n\t\t\t\t\t<div class=\"aux-elementor-header-menu aux-nav-menu-element aux-nav-menu-element-e274be8\"><div class=\"aux-burger-box\" data-target-panel=\"toggle-bar\" data-target-content=\".elementor-element-e274be8 .aux-master-menu\"><div class=\"aux-burger aux-lite-small\"><span class=\"mid-line\"><\/span><\/div><\/div><!-- start master menu -->\n<nav id=\"master-menu-elementor-e274be8\" class=\"menu-principal-container\">\n\n\t<ul id=\"menu-principal\" class=\"aux-master-menu aux-no-js aux-skin-classic aux-with-indicator aux-vertical\" data-type=\"vertical\"  data-switch-type=\"toggle\" data-switch-parent=\".elementor-element-e274be8 .aux-toggle-menu-bar\" data-switch-width=\"768\"  >\n\t\t<!-- start single menu -->\n\t\t<li id=\"menu-item-1278\" class=\"menu-item menu-item-type-post_type menu-item-object-page menu-item-home menu-item-1278 aux-menu-depth-0 aux-menu-root-1 aux-menu-item\">\n\t\t\t<a href=\"https:\/\/romidal.com\/de\/\" class=\"aux-item-content\" onclick=\"return true\">\n\t\t\t\t<span class=\"aux-menu-label\">Startseite<\/span>\n\t\t\t<\/a>\n\t\t<\/li>\n\t\t<!-- end single menu -->\n\t\t<!-- start single menu -->\n\t\t<li id=\"menu-item-1283\" class=\"menu-item menu-item-type-post_type menu-item-object-page menu-item-1283 aux-menu-depth-0 aux-menu-root-2 aux-menu-item\">\n\t\t\t<a href=\"https:\/\/romidal.com\/de\/materiales-didacticos\/\" class=\"aux-item-content\" onclick=\"return true\">\n\t\t\t\t<span class=\"aux-menu-label\">Didaktische Materialien<\/span>\n\t\t\t<\/a>\n\t\t<\/li>\n\t\t<!-- end single menu -->\n\t\t<!-- start single menu -->\n\t\t<li id=\"menu-item-1479\" class=\"menu-item menu-item-type-post_type menu-item-object-page menu-item-1479 aux-menu-depth-0 aux-menu-root-3 aux-menu-item\">\n\t\t\t<a href=\"https:\/\/romidal.com\/de\/talleres-dal\/\" class=\"aux-item-content\" onclick=\"return true\">\n\t\t\t\t<span class=\"aux-menu-label\">Talleres<\/span>\n\t\t\t<\/a>\n\t\t<\/li>\n\t\t<!-- end single menu -->\n\t\t<!-- start single menu -->\n\t\t<li id=\"menu-item-1281\" class=\"menu-item menu-item-type-post_type menu-item-object-page menu-item-1281 aux-menu-depth-0 aux-menu-root-4 aux-menu-item\">\n\t\t\t<a href=\"https:\/\/romidal.com\/de\/asesoramientos\/\" class=\"aux-item-content\" onclick=\"return true\">\n\t\t\t\t<span class=\"aux-menu-label\">Beratungen<\/span>\n\t\t\t<\/a>\n\t\t<\/li>\n\t\t<!-- end single menu -->\n\t\t<!-- start single menu -->\n\t\t<li id=\"menu-item-1282\" class=\"menu-item menu-item-type-post_type menu-item-object-page menu-item-1282 aux-menu-depth-0 aux-menu-root-5 aux-menu-item\">\n\t\t\t<a href=\"https:\/\/romidal.com\/de\/blog-2\/\" class=\"aux-item-content\" onclick=\"return true\">\n\t\t\t\t<span class=\"aux-menu-label\">Bloggen<\/span>\n\t\t\t<\/a>\n\t\t<\/li>\n\t\t<!-- end single menu -->\n\t\t<!-- start single menu -->\n\t\t<li id=\"menu-item-1285\" class=\"menu-item menu-item-type-post_type menu-item-object-page menu-item-1285 aux-menu-depth-0 aux-menu-root-6 aux-menu-item\">\n\t\t\t<a href=\"https:\/\/romidal.com\/de\/actividades\/\" class=\"aux-item-content\" onclick=\"return true\">\n\t\t\t\t<span class=\"aux-menu-label\">Angebote<\/span>\n\t\t\t<\/a>\n\t\t<\/li>\n\t\t<!-- end single menu -->\n\t\t<!-- start single menu -->\n\t\t<li id=\"menu-item-1279\" class=\"menu-item menu-item-type-post_type menu-item-object-page menu-item-1279 aux-menu-depth-0 aux-menu-root-7 aux-menu-item\">\n\t\t\t<a href=\"https:\/\/romidal.com\/de\/que-es-dal\/\" class=\"aux-item-content\" onclick=\"return true\">\n\t\t\t\t<span class=\"aux-menu-label\">Was ist DAL?<\/span>\n\t\t\t<\/a>\n\t\t<\/li>\n\t\t<!-- end single menu -->\n\t<\/ul>\n\n<\/nav>\n<!-- end master menu -->\n<div class=\"aux-toggle-menu-bar\"><\/div><\/div><style>@media only screen and (min-width: 769px) { .elementor-element-e274be8 .aux-burger-box { display: none } }<\/style>\t\t\t\t<\/div>\n\t\t\t\t<\/div>\n\t\t\t\t\t<\/div>\n\t\t<\/div>\n\t\t\t\t\t<\/div>\n\t\t<\/section>\n\t\t\t\t<\/div>","protected":false},"excerpt":{"rendered":"<p>Dal Ense\u00f1\u00e1 alem\u00e1n \u00a1Gracias por tu compra! Te llegar\u00e1 un mail con el detalle de tu pedido. Volver al inicio Dal Ense\u00f1\u00e1 alem\u00e1n T\u00e9rminos y Condiciones \u00a9 2022 DAL. Todos los derechos reservados. Inicio Materiales did\u00e1cticos Talleres Asesoramientos Blog Actividades \u00bfQu\u00e9 es DAL?<\/p>","protected":false},"author":67,"featured_media":0,"parent":0,"menu_order":0,"comment_status":"closed","ping_status":"closed","template":"elementor_canvas","meta":{"footnotes":""},"class_list":["post-1617","page","type-page","status-publish","hentry"],"jetpack_sharing_enabled":true,"_links":{"self":[{"href":"https:\/\/romidal.com\/de\/wp-json\/wp\/v2\/pages\/1617","targetHints":{"allow":["GET"]}}],"collection":[{"href":"https:\/\/romidal.com\/de\/wp-json\/wp\/v2\/pages"}],"about":[{"href":"https:\/\/romidal.com\/de\/wp-json\/wp\/v2\/types\/page"}],"author":[{"embeddable":true,"href":"https:\/\/romidal.com\/de\/wp-json\/wp\/v2\/users\/67"}],"replies":[{"embeddable":true,"href":"https:\/\/romidal.com\/de\/wp-json\/wp\/v2\/comments?post=1617"}],"version-history":[{"count":7,"href":"https:\/\/romidal.com\/de\/wp-json\/wp\/v2\/pages\/1617\/revisions"}],"predecessor-version":[{"id":1627,"href":"https:\/\/romidal.com\/de\/wp-json\/wp\/v2\/pages\/1617\/revisions\/1627"}],"wp:attachment":[{"href":"https:\/\/romidal.com\/de\/wp-json\/wp\/v2\/media?parent=1617"}],"curies":[{"name":"wp","href":"https:\/\/api.w.org\/{rel}","templated":true}]}}