{"id":259,"date":"2022-08-07T23:52:11","date_gmt":"2022-08-07T23:52:11","guid":{"rendered":"https:\/\/romidal.com\/?page_id=259"},"modified":"2024-06-05T15:23:27","modified_gmt":"2024-06-05T15:23:27","slug":"que-es-dal","status":"publish","type":"page","link":"https:\/\/romidal.com\/de\/que-es-dal\/","title":{"rendered":"Was ist DAL?"},"content":{"rendered":"<div data-elementor-type=\"wp-page\" data-elementor-id=\"259\" class=\"elementor elementor-259\">\n\t\t\t\t\t\t<section class=\"elementor-section elementor-top-section elementor-element elementor-element-a838b55 elementor-section-boxed elementor-section-height-default elementor-section-height-default wpr-particle-no wpr-jarallax-no wpr-parallax-no wpr-sticky-section-no wpr-equal-height-no\" data-id=\"a838b55\" data-element_type=\"section\" data-e-type=\"section\">\n\t\t\t\t\t\t<div class=\"elementor-container elementor-column-gap-default\">\n\t\t\t\t\t<div class=\"aux-parallax-section elementor-column elementor-col-100 elementor-top-column elementor-element elementor-element-79b874a\" data-id=\"79b874a\" data-element_type=\"column\" data-e-type=\"column\">\n\t\t\t<div class=\"elementor-widget-wrap elementor-element-populated\">\n\t\t\t\t\t\t<div class=\"elementor-element elementor-element-00c055f elementor-widget elementor-widget-heading\" data-id=\"00c055f\" data-element_type=\"widget\" data-e-type=\"widget\" data-widget_type=\"heading.default\">\n\t\t\t\t<div class=\"elementor-widget-container\">\n\t\t\t\t\t<h2 class=\"elementor-heading-title elementor-size-default\">\u00bfQu\u00e9 es D.A.L.?<\/h2>\t\t\t\t<\/div>\n\t\t\t\t<\/div>\n\t\t\t\t\t<\/div>\n\t\t<\/div>\n\t\t\t\t\t<\/div>\n\t\t<\/section>\n\t\t\t\t<section class=\"elementor-section elementor-top-section elementor-element elementor-element-939485d elementor-section-content-middle elementor-section-boxed elementor-section-height-default elementor-section-height-default wpr-particle-no wpr-jarallax-no wpr-parallax-no wpr-sticky-section-no wpr-equal-height-no\" data-id=\"939485d\" data-element_type=\"section\" data-e-type=\"section\" data-settings=\"{&quot;background_background&quot;:&quot;classic&quot;}\">\n\t\t\t\t\t\t<div class=\"elementor-container elementor-column-gap-default\">\n\t\t\t\t\t<div class=\"aux-parallax-section elementor-column elementor-col-50 elementor-top-column elementor-element elementor-element-64a8f71\" data-id=\"64a8f71\" data-element_type=\"column\" data-e-type=\"column\">\n\t\t\t<div class=\"elementor-widget-wrap elementor-element-populated\">\n\t\t\t\t\t\t<div class=\"elementor-element elementor-element-6080ef2 elementor-widget elementor-widget-text-editor\" data-id=\"6080ef2\" data-element_type=\"widget\" data-e-type=\"widget\" data-widget_type=\"text-editor.default\">\n\t\t\t\t<div class=\"elementor-widget-container\">\n\t\t\t\t\t\t\t\t\t<p><span style=\"font-weight: 400;\">DAL es un sistema de ense\u00f1anza completo para el aprendizaje activo del idioma alem\u00e1n u otra lengua como lengua extranjera en ni\u00f1os y ni\u00f1as de 2 a 5 a\u00f1os.<\/span><\/p><p><span style=\"font-weight: 400;\">\u00a0DAL se construye sobre tres pilares: el cuerpo y las posibilidades de movimiento que el mismo ofrece, los sentidos por medio de los cuales el ni\u00f1o descubre el mundo que lo rodea y las emociones que influyen directamente en el proceso de ense\u00f1anza-aprendizaje.\u00a0<\/span><\/p><p><span style=\"font-weight: 400;\">DAL es un proyecto educativo destinado al equipo docente y a las familias. Pensado tanto para aplicar en la escuela como en el hogar. Es un material \u00fatil, pr\u00e1ctico y simple para la tarea diaria de ense\u00f1ar y aprender.<\/span><\/p>\t\t\t\t\t\t\t\t<\/div>\n\t\t\t\t<\/div>\n\t\t\t\t\t<\/div>\n\t\t<\/div>\n\t\t\t\t<div class=\"aux-parallax-section elementor-column elementor-col-50 elementor-top-column elementor-element elementor-element-3bb063d\" data-id=\"3bb063d\" data-element_type=\"column\" data-e-type=\"column\" data-settings=\"{&quot;background_background&quot;:&quot;classic&quot;}\">\n\t\t\t<div class=\"elementor-widget-wrap elementor-element-populated\">\n\t\t\t\t\t\t<div class=\"elementor-element elementor-element-6ddee80 elementor-widget elementor-widget-spacer\" data-id=\"6ddee80\" data-element_type=\"widget\" data-e-type=\"widget\" data-widget_type=\"spacer.default\">\n\t\t\t\t<div class=\"elementor-widget-container\">\n\t\t\t\t\t\t\t<div class=\"elementor-spacer\">\n\t\t\t<div class=\"elementor-spacer-inner\"><\/div>\n\t\t<\/div>\n\t\t\t\t\t\t<\/div>\n\t\t\t\t<\/div>\n\t\t\t\t\t<\/div>\n\t\t<\/div>\n\t\t\t\t\t<\/div>\n\t\t<\/section>\n\t\t\t\t<section class=\"elementor-section elementor-top-section elementor-element elementor-element-d22e495 elementor-section-boxed elementor-section-height-default elementor-section-height-default wpr-particle-no wpr-jarallax-no wpr-parallax-no wpr-sticky-section-no wpr-equal-height-no\" data-id=\"d22e495\" data-element_type=\"section\" data-e-type=\"section\">\n\t\t\t\t\t\t<div class=\"elementor-container elementor-column-gap-default\">\n\t\t\t\t\t<div class=\"aux-parallax-section elementor-column elementor-col-100 elementor-top-column elementor-element elementor-element-9fbb1ff\" data-id=\"9fbb1ff\" data-element_type=\"column\" data-e-type=\"column\">\n\t\t\t<div class=\"elementor-widget-wrap elementor-element-populated\">\n\t\t\t\t\t\t<div class=\"elementor-element elementor-element-7285592 elementor-widget elementor-widget-heading\" data-id=\"7285592\" data-element_type=\"widget\" data-e-type=\"widget\" data-widget_type=\"heading.default\">\n\t\t\t\t<div class=\"elementor-widget-container\">\n\t\t\t\t\t<h3 class=\"elementor-heading-title elementor-size-default\">\u00bfPor qu\u00e9 DAL?<\/h3>\t\t\t\t<\/div>\n\t\t\t\t<\/div>\n\t\t\t\t<div class=\"elementor-element elementor-element-da66a9c elementor-widget elementor-widget-text-editor\" data-id=\"da66a9c\" data-element_type=\"widget\" data-e-type=\"widget\" data-widget_type=\"text-editor.default\">\n\t\t\t\t<div class=\"elementor-widget-container\">\n\t\t\t\t\t\t\t\t\t<p><span style=\"font-weight: 400;\">Porque DAL acompa\u00f1a y colabora con la ense\u00f1anza del idioma alem\u00e1n u otra lengua de manera responsable, comprometida y creativa.\u00a0<\/span><\/p><p><span style=\"font-weight: 400;\">Porque promueve encuentros enriquecedores y din\u00e1micos. Porque ofrece variedad de materiales te\u00f3ricos y pr\u00e1cticos para que ni\u00f1os y ni\u00f1as adquieran un idioma extranjero de forma activa, sensorial y l\u00fadica.\u00a0<\/span><\/p><p><span style=\"font-weight: 400;\">Porque est\u00e1 creado desde la mirada de la realidad de un ni\u00f1o o ni\u00f1a de habla espa\u00f1ola, que se inicia en el proceso de ense\u00f1anza aprendizaje de alem\u00e1n como lengua extranjera.\u00a0<\/span><\/p><p><span style=\"font-weight: 400;\">Porque DAL estimula la motivaci\u00f3n para aprender un idioma nuevo de una manera activa y agradable.<\/span><\/p>\t\t\t\t\t\t\t\t<\/div>\n\t\t\t\t<\/div>\n\t\t\t\t<div class=\"elementor-element elementor-element-71cdc9d elementor-widget elementor-widget-heading\" data-id=\"71cdc9d\" data-element_type=\"widget\" data-e-type=\"widget\" data-widget_type=\"heading.default\">\n\t\t\t\t<div class=\"elementor-widget-container\">\n\t\t\t\t\t<h3 class=\"elementor-heading-title elementor-size-default\">\u00bfQu\u00e9 propone DAL?<\/h3>\t\t\t\t<\/div>\n\t\t\t\t<\/div>\n\t\t\t\t<div class=\"elementor-element elementor-element-a89909c elementor-widget elementor-widget-text-editor\" data-id=\"a89909c\" data-element_type=\"widget\" data-e-type=\"widget\" data-widget_type=\"text-editor.default\">\n\t\t\t\t<div class=\"elementor-widget-container\">\n\t\t\t\t\t\t\t\t\t<p><span style=\"font-weight: 400;\">DAL ofrece variados recursos educativos para escuelas y familias, por ejemplo: capacitaciones pr\u00e1cticas, productos editoriales y materiales did\u00e1cticos.<\/span><\/p><p><span style=\"font-weight: 400;\">\u00a0Adem\u00e1s, permite la conexi\u00f3n al sitio web: romidal.com, para descargar y\/o imprimir materiales complementarios, a trav\u00e9s de c\u00f3digos QR.<\/span><\/p><p><span style=\"font-weight: 400;\">\u00a0El proyecto DAL sirve de material te\u00f3rico para el proceso de ense\u00f1anza-aprendizaje de cualquier idioma como lengua extranjera.<\/span><\/p>\t\t\t\t\t\t\t\t<\/div>\n\t\t\t\t<\/div>\n\t\t\t\t\t<\/div>\n\t\t<\/div>\n\t\t\t\t\t<\/div>\n\t\t<\/section>\n\t\t\t\t<\/div>","protected":false},"excerpt":{"rendered":"<p>\u00bfQu\u00e9 es D.A.L.? DAL es un sistema de ense\u00f1anza completo para el aprendizaje activo del idioma alem\u00e1n u otra lengua como lengua extranjera en ni\u00f1os y ni\u00f1as de 2 a 5 a\u00f1os. \u00a0DAL se construye sobre tres pilares: el cuerpo y las posibilidades de movimiento que el mismo ofrece, los sentidos por medio de los cuales el ni\u00f1o descubre el mundo que lo rodea y las emociones que influyen directamente en el proceso de ense\u00f1anza-aprendizaje.\u00a0 DAL es un proyecto educativo destinado al equipo docente y a las familias. Pensado tanto para aplicar en la escuela como en el hogar. Es un material \u00fatil, pr\u00e1ctico y simple para la tarea diaria de ense\u00f1ar y aprender. \u00bfPor qu\u00e9 DAL? Porque DAL acompa\u00f1a y colabora con la ense\u00f1anza del idioma alem\u00e1n u otra lengua de manera responsable, comprometida y creativa.\u00a0 Porque promueve encuentros enriquecedores y din\u00e1micos. Porque ofrece variedad de materiales te\u00f3ricos y pr\u00e1cticos para que ni\u00f1os y ni\u00f1as adquieran un idioma extranjero de forma activa, sensorial y l\u00fadica.\u00a0 Porque est\u00e1 creado desde la mirada de la realidad de un ni\u00f1o o ni\u00f1a de habla espa\u00f1ola, que se inicia en el proceso de ense\u00f1anza aprendizaje de alem\u00e1n como lengua extranjera.\u00a0 Porque DAL estimula la motivaci\u00f3n para aprender un idioma nuevo de una manera activa y agradable. \u00bfQu\u00e9 propone DAL? DAL ofrece variados recursos educativos para escuelas y familias, por ejemplo: capacitaciones pr\u00e1cticas, productos editoriales y materiales did\u00e1cticos. \u00a0Adem\u00e1s, permite la conexi\u00f3n al sitio web: romidal.com, para descargar y\/o imprimir materiales complementarios, a trav\u00e9s de c\u00f3digos QR. \u00a0El proyecto DAL sirve de material te\u00f3rico para el proceso de ense\u00f1anza-aprendizaje de cualquier idioma como lengua extranjera.<\/p>","protected":false},"author":1,"featured_media":0,"parent":0,"menu_order":0,"comment_status":"closed","ping_status":"closed","template":"","meta":{"footnotes":""},"class_list":["post-259","page","type-page","status-publish","hentry"],"jetpack_sharing_enabled":true,"_links":{"self":[{"href":"https:\/\/romidal.com\/de\/wp-json\/wp\/v2\/pages\/259","targetHints":{"allow":["GET"]}}],"collection":[{"href":"https:\/\/romidal.com\/de\/wp-json\/wp\/v2\/pages"}],"about":[{"href":"https:\/\/romidal.com\/de\/wp-json\/wp\/v2\/types\/page"}],"author":[{"embeddable":true,"href":"https:\/\/romidal.com\/de\/wp-json\/wp\/v2\/users\/1"}],"replies":[{"embeddable":true,"href":"https:\/\/romidal.com\/de\/wp-json\/wp\/v2\/comments?post=259"}],"version-history":[{"count":31,"href":"https:\/\/romidal.com\/de\/wp-json\/wp\/v2\/pages\/259\/revisions"}],"predecessor-version":[{"id":1207,"href":"https:\/\/romidal.com\/de\/wp-json\/wp\/v2\/pages\/259\/revisions\/1207"}],"wp:attachment":[{"href":"https:\/\/romidal.com\/de\/wp-json\/wp\/v2\/media?parent=259"}],"curies":[{"name":"wp","href":"https:\/\/api.w.org\/{rel}","templated":true}]}}