{"id":707,"date":"2023-11-23T17:30:24","date_gmt":"2023-11-23T17:30:24","guid":{"rendered":"https:\/\/romidal.com\/?page_id=707"},"modified":"2023-11-23T17:30:25","modified_gmt":"2023-11-23T17:30:25","slug":"terminos-y-condiciones","status":"publish","type":"page","link":"https:\/\/romidal.com\/de\/terminos-y-condiciones\/","title":{"rendered":"T\u00e9rminos y Condiciones"},"content":{"rendered":"<h2 class=\"wp-block-heading\" style=\"text-transform:uppercase\">T\u00e9rminos y Condiciones<\/h2>\n\n\n\n<p>Las transacciones que se efect\u00faen a trav\u00e9s del sitio www.romidal.com, Tienda Online, quedar\u00e1n sujetas a los presentes T\u00e9rminos y Condiciones de Ventas, as\u00ed como a la legislaci\u00f3n argentina vigente, en particular a la Ley 24.240&nbsp; que Establece Norma sobre Protecci\u00f3n de los Derechos de los Consumidores: No es requisito para comprar en www.romidal.com la aceptaci\u00f3n de los t\u00e9rminos y condiciones de ventas.<\/p>\n\n\n\n<p>El registro del cliente en el sitio www.romidal.coml, no es indispensable para comprar productos a trav\u00e9s del mismo. El cliente puede cargar uno o m\u00e1s producto al carro de compras, una vez realizada esta operaci\u00f3n debe revisar carro y seleccionar bot\u00f3n pagar, se desplegar\u00e1n las distintas opciones.<\/p>\n\n\n\n<p><strong>Detalle de Pedido de Compra: <\/strong>Una vez ingresado los productos, tienes la opci\u00f3n de revisar, modificar, sumar la cantidad o quitar productos de tu carro de compras. Una vez confirmado el siguiente paso es \u201cFinalizar Compra\u201d, indicando la direcci\u00f3n de despacho, agregar comentarios o alcances para el despacho que faciliten la entrega del producto.<\/p>\n\n\n\n<p><strong>Modo de Pago: <\/strong>El pago es a trav\u00e9s de Contra entrega, es decir una vez realizado tu pedido y confirmaci\u00f3n, nosotros te llevamos a la direcci\u00f3n que elijas tu pedido.<\/p>\n\n\n\n<p><strong>Confirmaci\u00f3n de pedido: <\/strong>Cliente recibir\u00e1 el Pedido de compra con n\u00famero de pedido, fecha, hora de compra, forma de pago, detalle de la compra, total pagado, medio de env\u00edo, direcci\u00f3n de despacho y direcci\u00f3n de facturaci\u00f3n.<\/p>\n\n\n\n<p><strong>Env\u00edo:<\/strong> El env\u00edo es para dentro del pa\u00eds Argentina<\/p>\n\n\n\n<p><strong>Entrega:<\/strong>&nbsp;<\/p>\n\n\n\n<p><strong>Las compras realizadas en este sitio est\u00e1n sujetas a disponibilidad de stock.<\/strong><\/p>\n\n\n\n<p><strong>Las condiciones para cambio de art\u00edculos: <\/strong>S\u00f3lo proceder\u00e1 el cambio de productos en los casos indicados en la Ley , entre otros:<br>1.- Cuando los productos o elementos que constituyan o integren esto no correspondan a las especificaciones que ostente o a las mencionadas en el rotulado.<br>2.- Cuando cualquier producto, por deficiencias de fabricaci\u00f3n, elaboraci\u00f3n, en su caso, no sea enteramente apto para el uso o consumo.<br>3.- Productos en mal estado en su envase original vengan sellados. Este derecho solo se podr\u00e1 hacer efectivo dentro de los 3 meses siguientes a la entrega, y siempre que \u00e9ste no se hubiese deteriorado por un hecho imputable al cliente.<br>La coordinaci\u00f3n para cambio de productos, seg\u00fan los puntos expuestos anteriormente se deben realizar a trav\u00e9s de el formulario de Contacto en www.lapiaflor.cl<\/p>\n\n\n\n<p><strong>Romidal, se reserva el derecho a modificar cualquier informaci\u00f3n contenida en este sitio.<\/strong><\/p>","protected":false},"excerpt":{"rendered":"<p>T\u00e9rminos y Condiciones Las transacciones que se efect\u00faen a trav\u00e9s del sitio www.romidal.com, Tienda Online, quedar\u00e1n sujetas a los presentes T\u00e9rminos y Condiciones de Ventas, as\u00ed como a la legislaci\u00f3n argentina vigente, en particular a la Ley 24.240&nbsp; que Establece Norma sobre Protecci\u00f3n de los Derechos de los Consumidores: No es requisito para comprar en www.romidal.com la aceptaci\u00f3n de los t\u00e9rminos y condiciones de ventas. El registro del cliente en el sitio www.romidal.coml, no es indispensable para comprar productos a trav\u00e9s del mismo. El cliente puede cargar uno o m\u00e1s producto al carro de compras, una vez realizada esta operaci\u00f3n debe revisar carro y seleccionar bot\u00f3n pagar, se desplegar\u00e1n las distintas opciones. Detalle de Pedido de Compra: Una vez ingresado los productos, tienes la opci\u00f3n de revisar, modificar, sumar la cantidad o quitar productos de tu carro de compras. Una vez confirmado el siguiente paso es \u201cFinalizar Compra\u201d, indicando la direcci\u00f3n de despacho, agregar comentarios o alcances para el despacho que faciliten la entrega del producto. Modo de Pago: El pago es a trav\u00e9s de Contra entrega, es decir una vez realizado tu pedido y confirmaci\u00f3n, nosotros te llevamos a la direcci\u00f3n que elijas tu pedido. Confirmaci\u00f3n de pedido: Cliente recibir\u00e1 el Pedido de compra con n\u00famero de pedido, fecha, hora de compra, forma de pago, detalle de la compra, total pagado, medio de env\u00edo, direcci\u00f3n de despacho y direcci\u00f3n de facturaci\u00f3n. Env\u00edo: El env\u00edo es para dentro del pa\u00eds Argentina Entrega:&nbsp; Las compras realizadas en este sitio est\u00e1n sujetas a disponibilidad de stock. Las condiciones para cambio de art\u00edculos: S\u00f3lo proceder\u00e1 el cambio de productos en los casos indicados en la Ley , entre otros:1.- Cuando los productos o elementos que constituyan o integren esto no correspondan a las especificaciones que ostente o a las mencionadas en el rotulado.2.- Cuando cualquier producto, por deficiencias de fabricaci\u00f3n, elaboraci\u00f3n, en su caso, no sea enteramente apto para el uso o consumo.3.- Productos en mal estado en su envase original vengan sellados. Este derecho solo se podr\u00e1 hacer efectivo dentro de los 3 meses siguientes a la entrega, y siempre que \u00e9ste no se hubiese deteriorado por un hecho imputable al cliente.La coordinaci\u00f3n para cambio de productos, seg\u00fan los puntos expuestos anteriormente se deben realizar a trav\u00e9s de el formulario de Contacto en www.lapiaflor.cl Romidal, se reserva el derecho a modificar cualquier informaci\u00f3n contenida en este sitio.<\/p>","protected":false},"author":67,"featured_media":0,"parent":0,"menu_order":0,"comment_status":"closed","ping_status":"closed","template":"","meta":{"footnotes":""},"class_list":["post-707","page","type-page","status-publish","hentry"],"jetpack_sharing_enabled":true,"_links":{"self":[{"href":"https:\/\/romidal.com\/de\/wp-json\/wp\/v2\/pages\/707","targetHints":{"allow":["GET"]}}],"collection":[{"href":"https:\/\/romidal.com\/de\/wp-json\/wp\/v2\/pages"}],"about":[{"href":"https:\/\/romidal.com\/de\/wp-json\/wp\/v2\/types\/page"}],"author":[{"embeddable":true,"href":"https:\/\/romidal.com\/de\/wp-json\/wp\/v2\/users\/67"}],"replies":[{"embeddable":true,"href":"https:\/\/romidal.com\/de\/wp-json\/wp\/v2\/comments?post=707"}],"version-history":[{"count":2,"href":"https:\/\/romidal.com\/de\/wp-json\/wp\/v2\/pages\/707\/revisions"}],"predecessor-version":[{"id":709,"href":"https:\/\/romidal.com\/de\/wp-json\/wp\/v2\/pages\/707\/revisions\/709"}],"wp:attachment":[{"href":"https:\/\/romidal.com\/de\/wp-json\/wp\/v2\/media?parent=707"}],"curies":[{"name":"wp","href":"https:\/\/api.w.org\/{rel}","templated":true}]}}