{"id":984,"date":"2024-02-24T07:05:06","date_gmt":"2024-02-24T07:05:06","guid":{"rendered":"https:\/\/romidal.com\/?page_id=984"},"modified":"2024-06-06T15:10:34","modified_gmt":"2024-06-06T15:10:34","slug":"blog-2","status":"publish","type":"page","link":"https:\/\/romidal.com\/de\/blog-2\/","title":{"rendered":"Bloggen"},"content":{"rendered":"<div data-elementor-type=\"wp-page\" data-elementor-id=\"984\" class=\"elementor elementor-984\">\n\t\t\t\t\t\t<section class=\"elementor-section elementor-top-section elementor-element elementor-element-1a7507f elementor-section-boxed elementor-section-height-default elementor-section-height-default wpr-particle-no wpr-jarallax-no wpr-parallax-no wpr-sticky-section-no wpr-equal-height-no\" data-id=\"1a7507f\" data-element_type=\"section\" data-e-type=\"section\">\n\t\t\t\t\t\t<div class=\"elementor-container elementor-column-gap-default\">\n\t\t\t\t\t<div class=\"aux-parallax-section elementor-column elementor-col-100 elementor-top-column elementor-element elementor-element-e88e821\" data-id=\"e88e821\" data-element_type=\"column\" data-e-type=\"column\">\n\t\t\t<div class=\"elementor-widget-wrap elementor-element-populated\">\n\t\t\t\t\t\t<div class=\"elementor-element elementor-element-3583758 elementor-widget elementor-widget-heading\" data-id=\"3583758\" data-element_type=\"widget\" data-e-type=\"widget\" data-widget_type=\"heading.default\">\n\t\t\t\t<div class=\"elementor-widget-container\">\n\t\t\t\t\t<h2 class=\"elementor-heading-title elementor-size-default\">Bloggen<\/h2>\t\t\t\t<\/div>\n\t\t\t\t<\/div>\n\t\t\t\t\t<\/div>\n\t\t<\/div>\n\t\t\t\t\t<\/div>\n\t\t<\/section>\n\t\t\t\t<section class=\"elementor-section elementor-top-section elementor-element elementor-element-71baadf elementor-section-boxed elementor-section-height-default elementor-section-height-default wpr-particle-no wpr-jarallax-no wpr-parallax-no wpr-sticky-section-no wpr-equal-height-no\" data-id=\"71baadf\" data-element_type=\"section\" data-e-type=\"section\">\n\t\t\t\t\t\t<div class=\"elementor-container elementor-column-gap-default\">\n\t\t\t\t\t<div class=\"aux-parallax-section elementor-column elementor-col-100 elementor-top-column elementor-element elementor-element-44ef7ef\" data-id=\"44ef7ef\" data-element_type=\"column\" data-e-type=\"column\">\n\t\t\t<div class=\"elementor-widget-wrap elementor-element-populated\">\n\t\t\t\t\t\t<div class=\"elementor-element elementor-element-e21da63 elementor-grid-eael-col-4 elementor-grid-tablet-eael-col-2 elementor-grid-mobile-eael-col-1 elementor-widget elementor-widget-eael-post-grid\" data-id=\"e21da63\" data-element_type=\"widget\" data-e-type=\"widget\" data-settings=\"{&quot;eael_post_grid_columns&quot;:&quot;eael-col-4&quot;,&quot;eael_post_grid_columns_tablet&quot;:&quot;eael-col-2&quot;,&quot;eael_post_grid_columns_mobile&quot;:&quot;eael-col-1&quot;}\" data-widget_type=\"eael-post-grid.default\">\n\t\t\t\t<div class=\"elementor-widget-container\">\n\t\t\t\t\t<div id=\"eael-post-grid-e21da63\" class=\"eael-post-grid-container\">\n            <div class=\"eael-post-grid eael-post-appender eael-post-appender-e21da63 eael-post-grid-style-one\" data-layout-mode=\"grid\"><article class=\"eael-grid-post  eael-post-grid-column eael-pg-post-1668 category-sin-categoria-es\" data-id=\"1668\">\n        <div class=\"eael-grid-post-holder\">\n            <div class=\"eael-grid-post-holder-inner\"><div class=\"eael-entry-media\"><div class=\"eael-entry-overlay fade-in\"><i class=\"fas fa-long-arrow-alt-right\" aria-hidden=\"true\"><\/i><a href=\"https:\/\/romidal.com\/de\/los-tres-pilares-del-metodo-dal-una-guia-constante-el-cuerpo-en-movimiento-los-sentidos-y-las-emociones\/\"><\/a><\/div><div class=\"eael-entry-thumbnail\">\n                <img fetchpriority=\"high\" decoding=\"async\" width=\"300\" height=\"300\" src=\"https:\/\/i0.wp.com\/romidal.com\/wp-content\/uploads\/2025\/03\/IMG-20250320-WA0035.jpg?fit=300%2C300&amp;ssl=1\" class=\"attachment-medium size-medium wp-image-1740\" alt=\"\" srcset=\"https:\/\/i0.wp.com\/romidal.com\/wp-content\/uploads\/2025\/03\/IMG-20250320-WA0035.jpg?resize=300%2C300&amp;ssl=1 300w, https:\/\/i0.wp.com\/romidal.com\/wp-content\/uploads\/2025\/03\/IMG-20250320-WA0035.jpg?resize=150%2C150&amp;ssl=1 150w, https:\/\/i0.wp.com\/romidal.com\/wp-content\/uploads\/2025\/03\/IMG-20250320-WA0035.jpg?resize=100%2C100&amp;ssl=1 100w, https:\/\/i0.wp.com\/romidal.com\/wp-content\/uploads\/2025\/03\/IMG-20250320-WA0035.jpg?zoom=2&amp;resize=300%2C300&amp;ssl=1 600w, https:\/\/i0.wp.com\/romidal.com\/wp-content\/uploads\/2025\/03\/IMG-20250320-WA0035.jpg?zoom=3&amp;resize=300%2C300&amp;ssl=1 900w\" sizes=\"(max-width: 300px) 100vw, 300px\" \/>\n            <\/div>\n        <\/div><div class=\"eael-entry-wrapper\"><header class=\"eael-entry-header\"><h3 class=\"eael-entry-title\"><a class=\"eael-grid-post-link\" href=\"https:\/\/romidal.com\/de\/los-tres-pilares-del-metodo-dal-una-guia-constante-el-cuerpo-en-movimiento-los-sentidos-y-las-emociones\/\" title=\"Los tres pilares del m\u00e9todo DAL: una gu\u00eda constante. El cuerpo en movimiento, los sentidos y las emociones\">Los tres pilares del m\u00e9todo DAL: una gu\u00eda constante. El cuerpo en movimiento, los sentidos y las emociones<\/a><\/h3><\/header><div class=\"eael-entry-content\">\n                        <div class=\"eael-grid-post-excerpt\"><p>Estos pilares no son simplemente conceptos abstractos, sino una gu\u00eda...<\/p><a href=\"https:\/\/romidal.com\/de\/los-tres-pilares-del-metodo-dal-una-guia-constante-el-cuerpo-en-movimiento-los-sentidos-y-las-emociones\/\" class=\"eael-post-elements-readmore-btn\">Conocer m\u00e1s<\/a><\/div>\n                    <\/div><\/div><\/div>\n        <\/div>\n    <\/article><article class=\"eael-grid-post  eael-post-grid-column eael-pg-post-1672 category-sin-categoria-es\" data-id=\"1672\">\n        <div class=\"eael-grid-post-holder\">\n            <div class=\"eael-grid-post-holder-inner\"><div class=\"eael-entry-media\"><div class=\"eael-entry-overlay fade-in\"><i class=\"fas fa-long-arrow-alt-right\" aria-hidden=\"true\"><\/i><a href=\"https:\/\/romidal.com\/de\/4-palabras-que-definen-el-proceso-de-aprender-una-nueva-lengua-en-ninos-pequenos\/\"><\/a><\/div><div class=\"eael-entry-thumbnail\">\n                <img decoding=\"async\" width=\"300\" height=\"300\" src=\"https:\/\/i0.wp.com\/romidal.com\/wp-content\/uploads\/2025\/02\/proceso_de_aprender.webp?fit=300%2C300&amp;ssl=1\" class=\"attachment-medium size-medium wp-image-1725\" alt=\"\" srcset=\"https:\/\/i0.wp.com\/romidal.com\/wp-content\/uploads\/2025\/02\/proceso_de_aprender.webp?w=1080&amp;ssl=1 1080w, https:\/\/i0.wp.com\/romidal.com\/wp-content\/uploads\/2025\/02\/proceso_de_aprender.webp?resize=300%2C300&amp;ssl=1 300w, https:\/\/i0.wp.com\/romidal.com\/wp-content\/uploads\/2025\/02\/proceso_de_aprender.webp?resize=1024%2C1024&amp;ssl=1 1024w, https:\/\/i0.wp.com\/romidal.com\/wp-content\/uploads\/2025\/02\/proceso_de_aprender.webp?resize=150%2C150&amp;ssl=1 150w, https:\/\/i0.wp.com\/romidal.com\/wp-content\/uploads\/2025\/02\/proceso_de_aprender.webp?resize=768%2C768&amp;ssl=1 768w, https:\/\/i0.wp.com\/romidal.com\/wp-content\/uploads\/2025\/02\/proceso_de_aprender.webp?resize=12%2C12&amp;ssl=1 12w, https:\/\/i0.wp.com\/romidal.com\/wp-content\/uploads\/2025\/02\/proceso_de_aprender.webp?resize=600%2C600&amp;ssl=1 600w, https:\/\/i0.wp.com\/romidal.com\/wp-content\/uploads\/2025\/02\/proceso_de_aprender.webp?resize=100%2C100&amp;ssl=1 100w\" sizes=\"(max-width: 300px) 100vw, 300px\" \/>\n            <\/div>\n        <\/div><div class=\"eael-entry-wrapper\"><header class=\"eael-entry-header\"><h3 class=\"eael-entry-title\"><a class=\"eael-grid-post-link\" href=\"https:\/\/romidal.com\/de\/4-palabras-que-definen-el-proceso-de-aprender-una-nueva-lengua-en-ninos-pequenos\/\" title=\"4 palabras que definen el proceso de aprender una nueva lengua en ni\u00f1os peque\u00f1os\">4 palabras que definen el proceso de aprender una nueva lengua en ni\u00f1os peque\u00f1os<\/a><\/h3><\/header><div class=\"eael-entry-content\">\n                        <div class=\"eael-grid-post-excerpt\"><p>La comprensi\u00f3n, alivia. Esta afirmaci\u00f3n la aplico a diferentes aspectos...<\/p><a href=\"https:\/\/romidal.com\/de\/4-palabras-que-definen-el-proceso-de-aprender-una-nueva-lengua-en-ninos-pequenos\/\" class=\"eael-post-elements-readmore-btn\">Conocer m\u00e1s<\/a><\/div>\n                    <\/div><\/div><\/div>\n        <\/div>\n    <\/article><article class=\"eael-grid-post  eael-post-grid-column eael-pg-post-1689 category-sin-categoria-es\" data-id=\"1689\">\n        <div class=\"eael-grid-post-holder\">\n            <div class=\"eael-grid-post-holder-inner\"><div class=\"eael-entry-media\"><div class=\"eael-entry-overlay fade-in\"><i class=\"fas fa-long-arrow-alt-right\" aria-hidden=\"true\"><\/i><a href=\"https:\/\/romidal.com\/de\/la-tecnologia-y-la-nueva-lengua\/\"><\/a><\/div><div class=\"eael-entry-thumbnail\">\n                <img decoding=\"async\" width=\"300\" height=\"300\" src=\"https:\/\/i0.wp.com\/romidal.com\/wp-content\/uploads\/2025\/03\/la_tecnologia_y_el_nuevo_idioma.jpg?fit=300%2C300&amp;ssl=1\" class=\"attachment-medium size-medium wp-image-1728\" alt=\"\" srcset=\"https:\/\/i0.wp.com\/romidal.com\/wp-content\/uploads\/2025\/03\/la_tecnologia_y_el_nuevo_idioma.jpg?resize=300%2C300&amp;ssl=1 300w, https:\/\/i0.wp.com\/romidal.com\/wp-content\/uploads\/2025\/03\/la_tecnologia_y_el_nuevo_idioma.jpg?resize=1024%2C1024&amp;ssl=1 1024w, https:\/\/i0.wp.com\/romidal.com\/wp-content\/uploads\/2025\/03\/la_tecnologia_y_el_nuevo_idioma.jpg?resize=150%2C150&amp;ssl=1 150w, https:\/\/i0.wp.com\/romidal.com\/wp-content\/uploads\/2025\/03\/la_tecnologia_y_el_nuevo_idioma.jpg?resize=768%2C768&amp;ssl=1 768w, https:\/\/i0.wp.com\/romidal.com\/wp-content\/uploads\/2025\/03\/la_tecnologia_y_el_nuevo_idioma.jpg?resize=100%2C100&amp;ssl=1 100w, https:\/\/i0.wp.com\/romidal.com\/wp-content\/uploads\/2025\/03\/la_tecnologia_y_el_nuevo_idioma.jpg?zoom=2&amp;resize=300%2C300&amp;ssl=1 600w, https:\/\/i0.wp.com\/romidal.com\/wp-content\/uploads\/2025\/03\/la_tecnologia_y_el_nuevo_idioma.jpg?zoom=3&amp;resize=300%2C300&amp;ssl=1 900w\" sizes=\"(max-width: 300px) 100vw, 300px\" \/>\n            <\/div>\n        <\/div><div class=\"eael-entry-wrapper\"><header class=\"eael-entry-header\"><h3 class=\"eael-entry-title\"><a class=\"eael-grid-post-link\" href=\"https:\/\/romidal.com\/de\/la-tecnologia-y-la-nueva-lengua\/\" title=\"La tecnolog\u00eda y la nueva lengua\">La tecnolog\u00eda y la nueva lengua<\/a><\/h3><\/header><div class=\"eael-entry-content\">\n                        <div class=\"eael-grid-post-excerpt\"><p>La irrupci\u00f3n de la tecnolog\u00eda en la educaci\u00f3n infantil marc\u00f3...<\/p><a href=\"https:\/\/romidal.com\/de\/la-tecnologia-y-la-nueva-lengua\/\" class=\"eael-post-elements-readmore-btn\">Conocer m\u00e1s<\/a><\/div>\n                    <\/div><\/div><\/div>\n        <\/div>\n    <\/article><article class=\"eael-grid-post  eael-post-grid-column eael-pg-post-1677 category-sin-categoria-es tags-ensenanza-ensenar-aleman-lengua-extranjera\" data-id=\"1677\">\n        <div class=\"eael-grid-post-holder\">\n            <div class=\"eael-grid-post-holder-inner\"><div class=\"eael-entry-media\"><div class=\"eael-entry-overlay fade-in\"><i class=\"fas fa-long-arrow-alt-right\" aria-hidden=\"true\"><\/i><a href=\"https:\/\/romidal.com\/de\/la-ubicacion-fisica-del-docente-y-el-nino-durante-la-practica-docente\/\"><\/a><\/div><div class=\"eael-entry-thumbnail\">\n                <img loading=\"lazy\" decoding=\"async\" width=\"300\" height=\"300\" src=\"https:\/\/i0.wp.com\/romidal.com\/wp-content\/uploads\/2025\/02\/la_ubicacion_fisica.webp?fit=300%2C300&amp;ssl=1\" class=\"attachment-medium size-medium wp-image-1719\" alt=\"\" srcset=\"https:\/\/i0.wp.com\/romidal.com\/wp-content\/uploads\/2025\/02\/la_ubicacion_fisica.webp?resize=300%2C300&amp;ssl=1 300w, https:\/\/i0.wp.com\/romidal.com\/wp-content\/uploads\/2025\/02\/la_ubicacion_fisica.webp?resize=1024%2C1024&amp;ssl=1 1024w, https:\/\/i0.wp.com\/romidal.com\/wp-content\/uploads\/2025\/02\/la_ubicacion_fisica.webp?resize=150%2C150&amp;ssl=1 150w, https:\/\/i0.wp.com\/romidal.com\/wp-content\/uploads\/2025\/02\/la_ubicacion_fisica.webp?resize=768%2C768&amp;ssl=1 768w, https:\/\/i0.wp.com\/romidal.com\/wp-content\/uploads\/2025\/02\/la_ubicacion_fisica.webp?resize=100%2C100&amp;ssl=1 100w, https:\/\/i0.wp.com\/romidal.com\/wp-content\/uploads\/2025\/02\/la_ubicacion_fisica.webp?zoom=2&amp;resize=300%2C300&amp;ssl=1 600w, https:\/\/i0.wp.com\/romidal.com\/wp-content\/uploads\/2025\/02\/la_ubicacion_fisica.webp?zoom=3&amp;resize=300%2C300&amp;ssl=1 900w\" sizes=\"(max-width: 300px) 100vw, 300px\" \/>\n            <\/div>\n        <\/div><div class=\"eael-entry-wrapper\"><header class=\"eael-entry-header\"><h3 class=\"eael-entry-title\"><a class=\"eael-grid-post-link\" href=\"https:\/\/romidal.com\/de\/la-ubicacion-fisica-del-docente-y-el-nino-durante-la-practica-docente\/\" title=\"La ubicaci\u00f3n f\u00edsica del docente y el ni\u00f1o durante la pr\u00e1ctica docente\">La ubicaci\u00f3n f\u00edsica del docente y el ni\u00f1o durante la pr\u00e1ctica docente<\/a><\/h3><\/header><div class=\"eael-entry-content\">\n                        <div class=\"eael-grid-post-excerpt\"><p>A veces no le prestamos la suficiente atenci\u00f3n a nuestra...<\/p><a href=\"https:\/\/romidal.com\/de\/la-ubicacion-fisica-del-docente-y-el-nino-durante-la-practica-docente\/\" class=\"eael-post-elements-readmore-btn\">Conocer m\u00e1s<\/a><\/div>\n                    <\/div><\/div><\/div>\n        <\/div>\n    <\/article><article class=\"eael-grid-post  eael-post-grid-column eael-pg-post-1682 category-sin-categoria-es tags-aprendizaje-ensenar-aleman-equivocarse-es-aprender\" data-id=\"1682\">\n        <div class=\"eael-grid-post-holder\">\n            <div class=\"eael-grid-post-holder-inner\"><div class=\"eael-entry-media\"><div class=\"eael-entry-overlay fade-in\"><i class=\"fas fa-long-arrow-alt-right\" aria-hidden=\"true\"><\/i><a href=\"https:\/\/romidal.com\/de\/el-error-que-no-es-error-es-aprendizaje\/\"><\/a><\/div><div class=\"eael-entry-thumbnail\">\n                <img loading=\"lazy\" decoding=\"async\" width=\"300\" height=\"300\" src=\"https:\/\/i0.wp.com\/romidal.com\/wp-content\/uploads\/2025\/02\/el_error_que_es_aprendizaje.webp?fit=300%2C300&amp;ssl=1\" class=\"attachment-medium size-medium wp-image-1717\" alt=\"\" srcset=\"https:\/\/i0.wp.com\/romidal.com\/wp-content\/uploads\/2025\/02\/el_error_que_es_aprendizaje.webp?resize=300%2C300&amp;ssl=1 300w, https:\/\/i0.wp.com\/romidal.com\/wp-content\/uploads\/2025\/02\/el_error_que_es_aprendizaje.webp?resize=150%2C150&amp;ssl=1 150w, https:\/\/i0.wp.com\/romidal.com\/wp-content\/uploads\/2025\/02\/el_error_que_es_aprendizaje.webp?resize=100%2C100&amp;ssl=1 100w, https:\/\/i0.wp.com\/romidal.com\/wp-content\/uploads\/2025\/02\/el_error_que_es_aprendizaje.webp?zoom=2&amp;resize=300%2C300&amp;ssl=1 600w, https:\/\/i0.wp.com\/romidal.com\/wp-content\/uploads\/2025\/02\/el_error_que_es_aprendizaje.webp?zoom=3&amp;resize=300%2C300&amp;ssl=1 900w\" sizes=\"(max-width: 300px) 100vw, 300px\" \/>\n            <\/div>\n        <\/div><div class=\"eael-entry-wrapper\"><header class=\"eael-entry-header\"><h3 class=\"eael-entry-title\"><a class=\"eael-grid-post-link\" href=\"https:\/\/romidal.com\/de\/el-error-que-no-es-error-es-aprendizaje\/\" title=\"El error que no es error, es aprendizaje\">El error que no es error, es aprendizaje<\/a><\/h3><\/header><div class=\"eael-entry-content\">\n                        <div class=\"eael-grid-post-excerpt\"><p>El proceso de aprendizaje de los ni\u00f1os est\u00e1 lleno de...<\/p><a href=\"https:\/\/romidal.com\/de\/el-error-que-no-es-error-es-aprendizaje\/\" class=\"eael-post-elements-readmore-btn\">Conocer m\u00e1s<\/a><\/div>\n                    <\/div><\/div><\/div>\n        <\/div>\n    <\/article><article class=\"eael-grid-post  eael-post-grid-column eael-pg-post-1318 category-sin-categoria-es\" data-id=\"1318\">\n        <div class=\"eael-grid-post-holder\">\n            <div class=\"eael-grid-post-holder-inner\"><div class=\"eael-entry-media\"><div class=\"eael-entry-overlay fade-in\"><i class=\"fas fa-long-arrow-alt-right\" aria-hidden=\"true\"><\/i><a href=\"https:\/\/romidal.com\/de\/8-sugerencias-para-acompanar-el-proceso-de-aprender-un-nuevo-idioma-de-nuestros-hijos\/\"><\/a><\/div><div class=\"eael-entry-thumbnail\">\n                <img loading=\"lazy\" decoding=\"async\" width=\"300\" height=\"300\" src=\"https:\/\/i0.wp.com\/romidal.com\/wp-content\/uploads\/2024\/07\/familia.jpg?fit=300%2C300&amp;ssl=1\" class=\"attachment-medium size-medium wp-image-1333\" alt=\"\" srcset=\"https:\/\/i0.wp.com\/romidal.com\/wp-content\/uploads\/2024\/07\/familia.jpg?resize=300%2C300&amp;ssl=1 300w, https:\/\/i0.wp.com\/romidal.com\/wp-content\/uploads\/2024\/07\/familia.jpg?resize=1024%2C1024&amp;ssl=1 1024w, https:\/\/i0.wp.com\/romidal.com\/wp-content\/uploads\/2024\/07\/familia.jpg?resize=150%2C150&amp;ssl=1 150w, https:\/\/i0.wp.com\/romidal.com\/wp-content\/uploads\/2024\/07\/familia.jpg?resize=768%2C768&amp;ssl=1 768w, https:\/\/i0.wp.com\/romidal.com\/wp-content\/uploads\/2024\/07\/familia.jpg?resize=100%2C100&amp;ssl=1 100w, https:\/\/i0.wp.com\/romidal.com\/wp-content\/uploads\/2024\/07\/familia.jpg?zoom=2&amp;resize=300%2C300&amp;ssl=1 600w, https:\/\/i0.wp.com\/romidal.com\/wp-content\/uploads\/2024\/07\/familia.jpg?zoom=3&amp;resize=300%2C300&amp;ssl=1 900w\" sizes=\"(max-width: 300px) 100vw, 300px\" \/>\n            <\/div>\n        <\/div><div class=\"eael-entry-wrapper\"><header class=\"eael-entry-header\"><h3 class=\"eael-entry-title\"><a class=\"eael-grid-post-link\" href=\"https:\/\/romidal.com\/de\/8-sugerencias-para-acompanar-el-proceso-de-aprender-un-nuevo-idioma-de-nuestros-hijos\/\" title=\"8 sugerencias para acompa\u00f1ar el proceso de aprender un nuevo idioma de nuestros hijos\">8 sugerencias para acompa\u00f1ar el proceso de aprender un nuevo idioma de nuestros hijos<\/a><\/h3><\/header><div class=\"eael-entry-content\">\n                        <div class=\"eael-grid-post-excerpt\"><p>Recordar que nosotros como familia elegimos este proyecto biling\u00fce para...<\/p><a href=\"https:\/\/romidal.com\/de\/8-sugerencias-para-acompanar-el-proceso-de-aprender-un-nuevo-idioma-de-nuestros-hijos\/\" class=\"eael-post-elements-readmore-btn\">Conocer m\u00e1s<\/a><\/div>\n                    <\/div><\/div><\/div>\n        <\/div>\n    <\/article><article class=\"eael-grid-post  eael-post-grid-column eael-pg-post-1308 category-sin-categoria-es\" data-id=\"1308\">\n        <div class=\"eael-grid-post-holder\">\n            <div class=\"eael-grid-post-holder-inner\"><div class=\"eael-entry-media\"><div class=\"eael-entry-overlay fade-in\"><i class=\"fas fa-long-arrow-alt-right\" aria-hidden=\"true\"><\/i><a href=\"https:\/\/romidal.com\/de\/3-valiosos-beneficios-de-establecer-rutinas\/\"><\/a><\/div><div class=\"eael-entry-thumbnail\">\n                <img loading=\"lazy\" decoding=\"async\" width=\"300\" height=\"300\" src=\"https:\/\/i0.wp.com\/romidal.com\/wp-content\/uploads\/2024\/07\/parejanenes.jpg?fit=300%2C300&amp;ssl=1\" class=\"attachment-medium size-medium wp-image-1329\" alt=\"\" srcset=\"https:\/\/i0.wp.com\/romidal.com\/wp-content\/uploads\/2024\/07\/parejanenes.jpg?resize=300%2C300&amp;ssl=1 300w, https:\/\/i0.wp.com\/romidal.com\/wp-content\/uploads\/2024\/07\/parejanenes.jpg?resize=1024%2C1024&amp;ssl=1 1024w, https:\/\/i0.wp.com\/romidal.com\/wp-content\/uploads\/2024\/07\/parejanenes.jpg?resize=150%2C150&amp;ssl=1 150w, https:\/\/i0.wp.com\/romidal.com\/wp-content\/uploads\/2024\/07\/parejanenes.jpg?resize=768%2C768&amp;ssl=1 768w, https:\/\/i0.wp.com\/romidal.com\/wp-content\/uploads\/2024\/07\/parejanenes.jpg?resize=100%2C100&amp;ssl=1 100w, https:\/\/i0.wp.com\/romidal.com\/wp-content\/uploads\/2024\/07\/parejanenes.jpg?zoom=2&amp;resize=300%2C300&amp;ssl=1 600w, https:\/\/i0.wp.com\/romidal.com\/wp-content\/uploads\/2024\/07\/parejanenes.jpg?zoom=3&amp;resize=300%2C300&amp;ssl=1 900w\" sizes=\"(max-width: 300px) 100vw, 300px\" \/>\n            <\/div>\n        <\/div><div class=\"eael-entry-wrapper\"><header class=\"eael-entry-header\"><h3 class=\"eael-entry-title\"><a class=\"eael-grid-post-link\" href=\"https:\/\/romidal.com\/de\/3-valiosos-beneficios-de-establecer-rutinas\/\" title=\"3 valiosos beneficios de establecer rutinas\">3 valiosos beneficios de establecer rutinas<\/a><\/h3><\/header><div class=\"eael-entry-content\">\n                        <div class=\"eael-grid-post-excerpt\"><p>La implementaci\u00f3n de rutinas en el proceso de ense\u00f1anza de...<\/p><a href=\"https:\/\/romidal.com\/de\/3-valiosos-beneficios-de-establecer-rutinas\/\" class=\"eael-post-elements-readmore-btn\">Conocer m\u00e1s<\/a><\/div>\n                    <\/div><\/div><\/div>\n        <\/div>\n    <\/article><article class=\"eael-grid-post  eael-post-grid-column eael-pg-post-1295 category-sin-categoria-es\" data-id=\"1295\">\n        <div class=\"eael-grid-post-holder\">\n            <div class=\"eael-grid-post-holder-inner\"><div class=\"eael-entry-media\"><div class=\"eael-entry-overlay fade-in\"><i class=\"fas fa-long-arrow-alt-right\" aria-hidden=\"true\"><\/i><a href=\"https:\/\/romidal.com\/de\/mitos-derribados\/\"><\/a><\/div><div class=\"eael-entry-thumbnail\">\n                <img loading=\"lazy\" decoding=\"async\" width=\"300\" height=\"300\" src=\"https:\/\/i0.wp.com\/romidal.com\/wp-content\/uploads\/2024\/07\/dosnenas.jpg?fit=300%2C300&amp;ssl=1\" class=\"attachment-medium size-medium wp-image-1324\" alt=\"\" srcset=\"https:\/\/i0.wp.com\/romidal.com\/wp-content\/uploads\/2024\/07\/dosnenas.jpg?resize=300%2C300&amp;ssl=1 300w, https:\/\/i0.wp.com\/romidal.com\/wp-content\/uploads\/2024\/07\/dosnenas.jpg?resize=1024%2C1024&amp;ssl=1 1024w, https:\/\/i0.wp.com\/romidal.com\/wp-content\/uploads\/2024\/07\/dosnenas.jpg?resize=150%2C150&amp;ssl=1 150w, https:\/\/i0.wp.com\/romidal.com\/wp-content\/uploads\/2024\/07\/dosnenas.jpg?resize=768%2C768&amp;ssl=1 768w, https:\/\/i0.wp.com\/romidal.com\/wp-content\/uploads\/2024\/07\/dosnenas.jpg?resize=100%2C100&amp;ssl=1 100w, https:\/\/i0.wp.com\/romidal.com\/wp-content\/uploads\/2024\/07\/dosnenas.jpg?zoom=2&amp;resize=300%2C300&amp;ssl=1 600w, https:\/\/i0.wp.com\/romidal.com\/wp-content\/uploads\/2024\/07\/dosnenas.jpg?zoom=3&amp;resize=300%2C300&amp;ssl=1 900w\" sizes=\"(max-width: 300px) 100vw, 300px\" \/>\n            <\/div>\n        <\/div><div class=\"eael-entry-wrapper\"><header class=\"eael-entry-header\"><h3 class=\"eael-entry-title\"><a class=\"eael-grid-post-link\" href=\"https:\/\/romidal.com\/de\/mitos-derribados\/\" title=\"Mitos derribados\">Mitos derribados<\/a><\/h3><\/header><div class=\"eael-entry-content\">\n                        <div class=\"eael-grid-post-excerpt\"><p>Quiero compartirte tres mitos que ya fueron derribados en referencia...<\/p><a href=\"https:\/\/romidal.com\/de\/mitos-derribados\/\" class=\"eael-post-elements-readmore-btn\">Conocer m\u00e1s<\/a><\/div>\n                    <\/div><\/div><\/div>\n        <\/div>\n    <\/article><\/div>\n            <div class=\"clearfix\"><\/div>\n        <\/div>            <div class=\"eael-load-more-button-wrap\">\n                <button class=\"eael-load-more-button\" id=\"eael-load-more-btn-e21da63\" data-widget-id=\"e21da63\" data-widget=\"e21da63\" data-page-id=\"984\" data-template=\"{&quot;dir&quot;:&quot;lite&quot;,&quot;file_name&quot;:&quot;one.php&quot;,&quot;name&quot;:&quot;Post-Grid&quot;}\" data-class=\"Essential_Addons_Elementor\\Elements\\Post_Grid\" data-layout=\"grid\" data-page=\"1\" data-args=\"orderby=date&amp;order=desc&amp;ignore_sticky_posts=1&amp;post_status=publish&amp;posts_per_page=8&amp;offset=0&amp;post_type=post&amp;tax_query%5B0%5D%5Btaxonomy%5D=category&amp;tax_query%5B0%5D%5Bfield%5D=term_id&amp;tax_query%5B0%5D%5Bterms%5D%5B0%5D=28&amp;tax_query%5Brelation%5D=AND&amp;post__not_in%5B0%5D=532\" data-max-page=\"3\">\n                    <span class=\"eael-btn-loader button__loader\"><\/span>\n                    <span class=\"eael_load_more_text\">Cargar m\u00e1s<\/span>\n                <\/button>\n            <\/div>\n            \t\t\t\t<\/div>\n\t\t\t\t<\/div>\n\t\t\t\t\t<\/div>\n\t\t<\/div>\n\t\t\t\t\t<\/div>\n\t\t<\/section>\n\t\t\t\t<\/div>","protected":false},"excerpt":{"rendered":"<p>Blog 5 motivos por los cuales es necesario sostener el uso de la lengua extranjera en tu clase de idioma con ni\u00f1os Este es un cl\u00e1sico debate de toda la vida\u2026. 1-&nbsp;&#8230; Conocer m\u00e1s marzo 22, 2024 5 razones del valor del referente en la primera lengua del ni\u00f1o Cada colegio elige para su instituci\u00f3n un concepto de biling\u00fcismo&#8230;. Conocer m\u00e1s marzo 22, 2024 Como lograr que lo que est\u00e1s ense\u00f1ando a ni\u00f1os sea verdaderamente \u00fatil? Que&nbsp; sea significativo para la edad a la que le&#8230; Conocer m\u00e1s marzo 22, 2024 Los 5 beneficios de ense\u00f1ar un idioma a ni\u00f1os en edades tempranas Al tener mayor plasticidad cerebral pueden aprender uno o m\u00e1s&#8230; Conocer m\u00e1s marzo 22, 2024 Las 7 mejores actitudes de los docentes para acompa\u00f1ar a ni\u00f1os que aprenden un segundo idioma Para m\u00ed la frase \u201cLa actitud lo es todo\u201d influy\u00f3&#8230; Conocer m\u00e1s marzo 22, 2024 10 acciones que no te\u00a0 ten\u00e9s que olvidar en una clase de idioma con ni\u00f1os Ense\u00f1ar un idioma a ni\u00f1os que est\u00e1n comenzando a incorporar&#8230; Conocer m\u00e1s marzo 22, 2024 Los 5 recursos did\u00e1cticos imprescindibles para ense\u00f1ar un idioma a ni\u00f1os en edades tempranas\u00a0 Las canciones Los juegos de ronda Los tarjetones ilustrados Los&#8230; Conocer m\u00e1s marzo 22, 2024 5 razones por las que es importante incluir canciones en la ense\u00f1anza de un idioma Las canciones tienen un efecto de contagio inmediato. No importa&#8230; Conocer m\u00e1s noviembre 28, 2023 Cargar m\u00e1s<\/p>","protected":false},"author":67,"featured_media":0,"parent":0,"menu_order":0,"comment_status":"closed","ping_status":"closed","template":"","meta":{"footnotes":""},"class_list":["post-984","page","type-page","status-publish","hentry"],"jetpack_sharing_enabled":true,"_links":{"self":[{"href":"https:\/\/romidal.com\/de\/wp-json\/wp\/v2\/pages\/984","targetHints":{"allow":["GET"]}}],"collection":[{"href":"https:\/\/romidal.com\/de\/wp-json\/wp\/v2\/pages"}],"about":[{"href":"https:\/\/romidal.com\/de\/wp-json\/wp\/v2\/types\/page"}],"author":[{"embeddable":true,"href":"https:\/\/romidal.com\/de\/wp-json\/wp\/v2\/users\/67"}],"replies":[{"embeddable":true,"href":"https:\/\/romidal.com\/de\/wp-json\/wp\/v2\/comments?post=984"}],"version-history":[{"count":16,"href":"https:\/\/romidal.com\/de\/wp-json\/wp\/v2\/pages\/984\/revisions"}],"predecessor-version":[{"id":1247,"href":"https:\/\/romidal.com\/de\/wp-json\/wp\/v2\/pages\/984\/revisions\/1247"}],"wp:attachment":[{"href":"https:\/\/romidal.com\/de\/wp-json\/wp\/v2\/media?parent=984"}],"curies":[{"name":"wp","href":"https:\/\/api.w.org\/{rel}","templated":true}]}}