{"id":1020,"date":"2024-03-22T16:06:12","date_gmt":"2024-03-22T16:06:12","guid":{"rendered":"https:\/\/romidal.com\/?post_type=product&#038;p=1020"},"modified":"2025-06-23T09:42:19","modified_gmt":"2025-06-23T12:42:19","slug":"manopla-con-familia-patos","status":"publish","type":"product","link":"https:\/\/romidal.com\/de\/tienda\/textiles\/manopla-con-familia-patos\/","title":{"rendered":"Manopla con familia patos"},"content":{"rendered":"<p><span style=\"font-weight: 500;\">Materialidad: Tela pa\u00f1olenci cosida a mano con abrojo para pegar y despegar los personajes del cuento canci\u00f3n a medida que se canta.<\/span><\/p>\n<p>&nbsp;<\/p>\n<p><span style=\"font-weight: 500;\">Medidas: 27 cm de alto por 19 cm de ancho<\/span><\/p>\n<p>&nbsp;<\/p>\n<p><span style=\"font-weight: 500;\">HECHO POR: CHIRINA T\u00cdTERES<\/span><\/p>","protected":false},"excerpt":{"rendered":"<p>Materialidad: Tela pa\u00f1olenci cosida a mano con abrojo para pegar y despegar los personajes del cuento canci\u00f3n a medida que se canta. &nbsp; Medidas: 27 cm de alto por 19 cm de ancho &nbsp; HECHO POR: CHIRINA T\u00cdTERES<\/p>","protected":false},"featured_media":1121,"comment_status":"open","ping_status":"closed","template":"","meta":[],"product_brand":[],"product_cat":[45],"product_tag":[],"class_list":{"0":"post-1020","1":"product","2":"type-product","3":"status-publish","4":"has-post-thumbnail","6":"product_cat-textiles","8":"first","9":"instock","10":"taxable","11":"shipping-taxable","12":"product-type-simple"},"jetpack_sharing_enabled":true,"_links":{"self":[{"href":"https:\/\/romidal.com\/de\/wp-json\/wp\/v2\/product\/1020","targetHints":{"allow":["GET"]}}],"collection":[{"href":"https:\/\/romidal.com\/de\/wp-json\/wp\/v2\/product"}],"about":[{"href":"https:\/\/romidal.com\/de\/wp-json\/wp\/v2\/types\/product"}],"replies":[{"embeddable":true,"href":"https:\/\/romidal.com\/de\/wp-json\/wp\/v2\/comments?post=1020"}],"wp:featuredmedia":[{"embeddable":true,"href":"https:\/\/romidal.com\/de\/wp-json\/wp\/v2\/media\/1121"}],"wp:attachment":[{"href":"https:\/\/romidal.com\/de\/wp-json\/wp\/v2\/media?parent=1020"}],"wp:term":[{"taxonomy":"product_brand","embeddable":true,"href":"https:\/\/romidal.com\/de\/wp-json\/wp\/v2\/product_brand?post=1020"},{"taxonomy":"product_cat","embeddable":true,"href":"https:\/\/romidal.com\/de\/wp-json\/wp\/v2\/product_cat?post=1020"},{"taxonomy":"product_tag","embeddable":true,"href":"https:\/\/romidal.com\/de\/wp-json\/wp\/v2\/product_tag?post=1020"}],"curies":[{"name":"wp","href":"https:\/\/api.w.org\/{rel}","templated":true}]}}