{"id":1085,"date":"2024-03-22T18:32:58","date_gmt":"2024-03-22T18:32:58","guid":{"rendered":"https:\/\/romidal.com\/?post_type=product&#038;p=1085"},"modified":"2025-06-23T09:42:08","modified_gmt":"2025-06-23T12:42:08","slug":"taller-online-ensenar-con-canciones-es-imprescindible-2","status":"publish","type":"product","link":"https:\/\/romidal.com\/de\/tienda\/taller\/taller-online-ensenar-con-canciones-es-imprescindible-2\/","title":{"rendered":"Taller online: Ense\u00f1ar con canciones es imprescindible"},"content":{"rendered":"","protected":false},"excerpt":{"rendered":"<p>El taller propone apropiarte del uso de las canciones como uno de los recursos did\u00e1cticos imprescindibles para ense\u00f1ar una lengua extranjera a ni\u00f1os en edades tempranas . Desarrolla ejes centrales te\u00f3ricos y pr\u00e1cticos para que puedas aplicarlos de manera sistem\u00e1tica en la sala con los ni\u00f1os.<\/p>","protected":false},"featured_media":1248,"comment_status":"open","ping_status":"closed","template":"","meta":[],"product_brand":[],"product_cat":[52],"product_tag":[],"class_list":{"0":"post-1085","1":"product","2":"type-product","3":"status-publish","4":"has-post-thumbnail","6":"product_cat-taller","8":"first","9":"instock","10":"virtual","11":"taxable","12":"product-type-simple"},"jetpack_sharing_enabled":true,"_links":{"self":[{"href":"https:\/\/romidal.com\/de\/wp-json\/wp\/v2\/product\/1085","targetHints":{"allow":["GET"]}}],"collection":[{"href":"https:\/\/romidal.com\/de\/wp-json\/wp\/v2\/product"}],"about":[{"href":"https:\/\/romidal.com\/de\/wp-json\/wp\/v2\/types\/product"}],"replies":[{"embeddable":true,"href":"https:\/\/romidal.com\/de\/wp-json\/wp\/v2\/comments?post=1085"}],"wp:featuredmedia":[{"embeddable":true,"href":"https:\/\/romidal.com\/de\/wp-json\/wp\/v2\/media\/1248"}],"wp:attachment":[{"href":"https:\/\/romidal.com\/de\/wp-json\/wp\/v2\/media?parent=1085"}],"wp:term":[{"taxonomy":"product_brand","embeddable":true,"href":"https:\/\/romidal.com\/de\/wp-json\/wp\/v2\/product_brand?post=1085"},{"taxonomy":"product_cat","embeddable":true,"href":"https:\/\/romidal.com\/de\/wp-json\/wp\/v2\/product_cat?post=1085"},{"taxonomy":"product_tag","embeddable":true,"href":"https:\/\/romidal.com\/de\/wp-json\/wp\/v2\/product_tag?post=1085"}],"curies":[{"name":"wp","href":"https:\/\/api.w.org\/{rel}","templated":true}]}}