{"id":769,"date":"2023-11-23T21:06:18","date_gmt":"2023-11-23T21:06:18","guid":{"rendered":"https:\/\/romidal.com\/?post_type=product&#038;p=769"},"modified":"2025-06-23T09:50:24","modified_gmt":"2025-06-23T12:50:24","slug":"almohaditas-estados-del-clima","status":"publish","type":"product","link":"https:\/\/romidal.com\/de\/tienda\/sin-categorizar\/almohaditas-estados-del-clima\/","title":{"rendered":"Almohaditas estados del clima"},"content":{"rendered":"<p><b>Incluye:\u00a0<\/b><\/p>\n<p><span style=\"font-weight: 500;\">5 almohaditas de los 5 estados del clima<\/span><\/p>\n<ul>\n<li><span style=\"font-weight: 500;\">Es regnet\/Llueve<\/span><\/li>\n<li><span style=\"font-weight: 500;\">Es ist sonnig\/Brilla el sol<\/span><\/li>\n<li><span style=\"font-weight: 500;\">Est\u00e1 ventoso\/Es ist windig<\/span><\/li>\n<li><span style=\"font-weight: 500;\">Est\u00e1 nublado\/Es ist bew\u00f6lkt<\/span><\/li>\n<li><span style=\"font-weight: 500;\">Est\u00e1 tormentoso\/Es gibt Gewitter<\/span><\/li>\n<\/ul>\n<p><span style=\"font-weight: 500;\"><strong>Importante:<\/strong> Como todo el material est\u00e1 pensado para los ni\u00f1os estas almohaditas se pueden lavar en lavarropa con agua fr\u00eda, sin centrifugar y sin planchar.<\/span><\/p>\n<p><span style=\"font-weight: 500;\"><strong>ILUSTRACIONES:<\/strong> Agust\u00edn Gaelano<\/span><\/p>","protected":false},"excerpt":{"rendered":"<p><span style=\"font-weight: 500;\">Para los ni\u00f1os de dos a tres a\u00f1os las experiencias multisensoriales son muy favorecedoras para el aprendizaje. Al involucrar varios sentidos al mismo tiempo, como ver, tocar y escuchar, est\u00e1n creando asociaciones m\u00e1s s\u00f3lidas y duraderas entre conceptos y objetos. Esto hace que el aprendizaje sea m\u00e1s significativo y memorable. Por otro lado, a esta edad tienen una curiosidad natural y un deseo de explorar el mundo que los rodea. El material sensorial les brinda oportunidades para satisfacer su curiosidad y explorar de manera activa y proporciona oportunidades para que los ni\u00f1os experimenten diferentes sensaciones y asocien palabras del idioma nuevo con esas experiencias.\u00a0<\/span><\/p>\n<p><strong>Materialidad<\/strong><span style=\"font-weight: 500;\"><strong>:<\/strong> tela mec\u00e1nica sublimada rellena de guata<\/span><\/p>\n<p><span style=\"font-weight: 500;\">Medida: 16 cm x 16 cm<\/span><\/p>","protected":false},"featured_media":940,"comment_status":"open","ping_status":"closed","template":"","meta":[],"product_brand":[],"product_cat":[22],"product_tag":[],"class_list":{"0":"post-769","1":"product","2":"type-product","3":"status-publish","4":"has-post-thumbnail","6":"product_cat-sin-categorizar","8":"first","9":"instock","10":"taxable","11":"shipping-taxable","12":"product-type-simple"},"jetpack_sharing_enabled":true,"_links":{"self":[{"href":"https:\/\/romidal.com\/de\/wp-json\/wp\/v2\/product\/769","targetHints":{"allow":["GET"]}}],"collection":[{"href":"https:\/\/romidal.com\/de\/wp-json\/wp\/v2\/product"}],"about":[{"href":"https:\/\/romidal.com\/de\/wp-json\/wp\/v2\/types\/product"}],"replies":[{"embeddable":true,"href":"https:\/\/romidal.com\/de\/wp-json\/wp\/v2\/comments?post=769"}],"wp:featuredmedia":[{"embeddable":true,"href":"https:\/\/romidal.com\/de\/wp-json\/wp\/v2\/media\/940"}],"wp:attachment":[{"href":"https:\/\/romidal.com\/de\/wp-json\/wp\/v2\/media?parent=769"}],"wp:term":[{"taxonomy":"product_brand","embeddable":true,"href":"https:\/\/romidal.com\/de\/wp-json\/wp\/v2\/product_brand?post=769"},{"taxonomy":"product_cat","embeddable":true,"href":"https:\/\/romidal.com\/de\/wp-json\/wp\/v2\/product_cat?post=769"},{"taxonomy":"product_tag","embeddable":true,"href":"https:\/\/romidal.com\/de\/wp-json\/wp\/v2\/product_tag?post=769"}],"curies":[{"name":"wp","href":"https:\/\/api.w.org\/{rel}","templated":true}]}}