{"id":788,"date":"2023-11-23T21:27:59","date_gmt":"2023-11-23T21:27:59","guid":{"rendered":"https:\/\/romidal.com\/?post_type=product&#038;p=788"},"modified":"2025-06-23T09:46:39","modified_gmt":"2025-06-23T12:46:39","slug":"circulo-giratorio-estado-del-clima-4-y-5-nino","status":"publish","type":"product","link":"https:\/\/romidal.com\/de\/tienda\/pai\/circulo-giratorio-estado-del-clima-4-y-5-nino\/","title":{"rendered":"C\u00edrculo giratorio estado del clima 4 y 5 \u2013 Ni\u00f1o"},"content":{"rendered":"<p><span style=\"font-weight: 500;\">COLOR VERDE 4 Y 5 A\u00d1OS con 5 estados del clima<\/span><\/p>\n<p><span style=\"font-weight: 500;\">Es regnet\/Llueve<\/span><\/p>\n<p><span style=\"font-weight: 500;\">Es ist sonnig\/Brilla el sol<\/span><\/p>\n<p><span style=\"font-weight: 500;\">Est\u00e1 ventoso\/Es ist windig<\/span><\/p>\n<p><span style=\"font-weight: 500;\">Est\u00e1 nublado\/Es ist bew\u00f6lkt<\/span><\/p>\n<p><span style=\"font-weight: 500;\">Est\u00e1 tormentoso\/Es gibt Gewitter<\/span><\/p>\n<p>&nbsp;<\/p>\n<p><span style=\"font-weight: 500;\"><strong>Ilustraciones:<\/strong> Agust\u00edn Galeano<\/span><\/p>","protected":false},"excerpt":{"rendered":"<p><span style=\"font-weight: 500;\"><strong>MATERIALIDAD:<\/strong> Impresi\u00f3n digital color sobre papel ilustraci\u00f3n mate de 300 grs. m\u00e1s laminado frente y dorso<\/span><\/p>\n<p><span style=\"font-weight: 500;\">Terminaci\u00f3n troquelado con sacabocado m\u00e1s armado con broche central<\/span><\/p>\n<p><span style=\"font-weight: 500;\"><strong>MEDIDAS:<\/strong> 149 mm de di\u00e1metro<\/span><\/p>","protected":false},"featured_media":933,"comment_status":"open","ping_status":"closed","template":"","meta":[],"product_brand":[],"product_cat":[49],"product_tag":[],"class_list":{"0":"post-788","1":"product","2":"type-product","3":"status-publish","4":"has-post-thumbnail","6":"product_cat-pai","8":"first","9":"instock","10":"taxable","11":"shipping-taxable","12":"product-type-simple"},"jetpack_sharing_enabled":true,"_links":{"self":[{"href":"https:\/\/romidal.com\/de\/wp-json\/wp\/v2\/product\/788","targetHints":{"allow":["GET"]}}],"collection":[{"href":"https:\/\/romidal.com\/de\/wp-json\/wp\/v2\/product"}],"about":[{"href":"https:\/\/romidal.com\/de\/wp-json\/wp\/v2\/types\/product"}],"replies":[{"embeddable":true,"href":"https:\/\/romidal.com\/de\/wp-json\/wp\/v2\/comments?post=788"}],"wp:featuredmedia":[{"embeddable":true,"href":"https:\/\/romidal.com\/de\/wp-json\/wp\/v2\/media\/933"}],"wp:attachment":[{"href":"https:\/\/romidal.com\/de\/wp-json\/wp\/v2\/media?parent=788"}],"wp:term":[{"taxonomy":"product_brand","embeddable":true,"href":"https:\/\/romidal.com\/de\/wp-json\/wp\/v2\/product_brand?post=788"},{"taxonomy":"product_cat","embeddable":true,"href":"https:\/\/romidal.com\/de\/wp-json\/wp\/v2\/product_cat?post=788"},{"taxonomy":"product_tag","embeddable":true,"href":"https:\/\/romidal.com\/de\/wp-json\/wp\/v2\/product_tag?post=788"}],"curies":[{"name":"wp","href":"https:\/\/api.w.org\/{rel}","templated":true}]}}