{"id":983,"date":"2024-02-24T06:25:22","date_gmt":"2024-02-24T06:25:22","guid":{"rendered":"https:\/\/romidal.com\/?post_type=product&#038;p=983"},"modified":"2025-06-23T09:46:04","modified_gmt":"2025-06-23T12:46:04","slug":"lona-estados-del-clima-2-y-3-anos","status":"publish","type":"product","link":"https:\/\/romidal.com\/de\/tienda\/textiles\/lona-estados-del-clima-2-y-3-anos\/","title":{"rendered":"Lona estados del clima &#8211; 2 y 3 a\u00f1os"},"content":{"rendered":"<p><b>INCLUYE:<\/b><span style=\"font-weight: 500;\">\u00a0<\/span><\/p>\n<p><span style=\"font-weight: 500;\">C\u00f3digo QR con una actividad sugerida<\/span><\/p>\n<ul>\n<li><span style=\"font-weight: 500;\">\u00a012 accesorios circulares color simple faz. Papel ilustraci\u00f3n 300 gr. Laminado mate de 30 cm de di\u00e1metro,<\/span><\/li>\n<li><span style=\"font-weight: 500;\">4 fichas de crochet tejido en hilo con bordado de cada estado de clima<\/span><\/li>\n<li><span style=\"font-weight: 500;\">\u00bfQu\u00e9 significan los colores?\u00a0<\/span><\/li>\n<li><span style=\"font-weight: 500;\">1 color azul con la lluvia bordada: Es regnet (est\u00e1 lloviendo)<\/span><\/li>\n<li><span style=\"font-weight: 500;\">1 color amarillo con el sol bordado: Die Sonne scheint (est\u00e1 soleado)<\/span><\/li>\n<li><span style=\"font-weight: 500;\">1 color marr\u00f3n con hojitas bordadas: Es ist windig (est\u00e1 ventoso)<\/span><\/li>\n<li><span style=\"font-weight: 500;\">1 color celeste con nubes y sol bordado: Es ist bew\u00f6lkt \u2013 Es ist wolkig (est\u00e1 nublado)<\/span><\/li>\n<\/ul>\n<p><span style=\"font-weight: 500;\"><strong>Importante:<\/strong> Como todo el material est\u00e1 pensado para los ni\u00f1os, tanto la lona como las fichas a crochet se pueden lavar en lavarropa con agua fr\u00eda, sin centrifugar y sin planchar.<\/span><\/p>\n<p><span style=\"font-weight: 500;\"><strong>ILUSTRACIONES:<\/strong> Agust\u00edn Gaelano <\/span><\/p>","protected":false},"excerpt":{"rendered":"<p><span style=\"font-weight: 500;\"><strong>MATERIALIDAD:<\/strong> tela mec\u00e1nica tropical sublimada\u00a0\u00a0<\/span><\/p>\n<p><span style=\"font-weight: 500;\"><strong>TAMA\u00d1O:<\/strong> 1,45 m x 1,45 m\u00a0 <\/span><\/p>","protected":false},"featured_media":948,"comment_status":"open","ping_status":"closed","template":"","meta":[],"product_brand":[],"product_cat":[45],"product_tag":[],"class_list":{"0":"post-983","1":"product","2":"type-product","3":"status-publish","4":"has-post-thumbnail","6":"product_cat-textiles","8":"first","9":"instock","10":"taxable","11":"shipping-taxable","12":"product-type-simple"},"jetpack_sharing_enabled":true,"_links":{"self":[{"href":"https:\/\/romidal.com\/de\/wp-json\/wp\/v2\/product\/983","targetHints":{"allow":["GET"]}}],"collection":[{"href":"https:\/\/romidal.com\/de\/wp-json\/wp\/v2\/product"}],"about":[{"href":"https:\/\/romidal.com\/de\/wp-json\/wp\/v2\/types\/product"}],"replies":[{"embeddable":true,"href":"https:\/\/romidal.com\/de\/wp-json\/wp\/v2\/comments?post=983"}],"wp:featuredmedia":[{"embeddable":true,"href":"https:\/\/romidal.com\/de\/wp-json\/wp\/v2\/media\/948"}],"wp:attachment":[{"href":"https:\/\/romidal.com\/de\/wp-json\/wp\/v2\/media?parent=983"}],"wp:term":[{"taxonomy":"product_brand","embeddable":true,"href":"https:\/\/romidal.com\/de\/wp-json\/wp\/v2\/product_brand?post=983"},{"taxonomy":"product_cat","embeddable":true,"href":"https:\/\/romidal.com\/de\/wp-json\/wp\/v2\/product_cat?post=983"},{"taxonomy":"product_tag","embeddable":true,"href":"https:\/\/romidal.com\/de\/wp-json\/wp\/v2\/product_tag?post=983"}],"curies":[{"name":"wp","href":"https:\/\/api.w.org\/{rel}","templated":true}]}}